{"id":1844,"date":"2025-02-23T13:03:55","date_gmt":"2025-02-23T12:03:55","guid":{"rendered":"https:\/\/mitcha.siteweb.ch\/liste-der-aussteller\/plan-der-ausstellung\/"},"modified":"2025-03-07T13:36:19","modified_gmt":"2025-03-07T12:36:19","slug":"plan-der-ausstellung","status":"publish","type":"page","link":"https:\/\/mitcha-mitcha.ch\/de\/liste-der-aussteller\/plan-der-ausstellung\/","title":{"rendered":"Plan der Ausstellung"},"content":{"rendered":"\t\t<div data-elementor-type=\"wp-page\" data-elementor-id=\"1844\" class=\"elementor elementor-1844 elementor-1503\" data-elementor-post-type=\"page\">\n\t\t\t\t\t\t<section class=\"elementor-section elementor-top-section elementor-element elementor-element-3d530db elementor-section-boxed elementor-section-height-default elementor-section-height-default\" data-id=\"3d530db\" data-element_type=\"section\" data-e-type=\"section\" data-settings=\"{&quot;background_background&quot;:&quot;classic&quot;}\">\n\t\t\t\t\t\t<div class=\"elementor-container elementor-column-gap-default\">\n\t\t\t\t\t<div class=\"elementor-column elementor-col-100 elementor-top-column elementor-element elementor-element-d70b58c\" data-id=\"d70b58c\" data-element_type=\"column\" data-e-type=\"column\">\n\t\t\t<div class=\"elementor-widget-wrap elementor-element-populated\">\n\t\t\t\t\t\t<div class=\"elementor-element elementor-element-6b6d470 elementor-widget elementor-widget-heading\" data-id=\"6b6d470\" data-element_type=\"widget\" data-e-type=\"widget\" data-widget_type=\"heading.default\">\n\t\t\t\t<div class=\"elementor-widget-container\">\n\t\t\t\t\t<h2 class=\"elementor-heading-title elementor-size-default\">Plan der Ausstellung<\/h2>\t\t\t\t<\/div>\n\t\t\t\t<\/div>\n\t\t\t\t<div class=\"elementor-element elementor-element-4ba13be elementor-widget elementor-widget-text-editor\" data-id=\"4ba13be\" data-element_type=\"widget\" data-e-type=\"widget\" data-widget_type=\"text-editor.default\">\n\t\t\t\t<div class=\"elementor-widget-container\">\n\t\t\t\t\t\t\t\t\t<p>Von Donnerstag, dem 2. bis Samstag, dem 4. Oktober 2025, empfangen die S\u00e4le Rome und Forum des Palais de Beaulieu in Lausanne mehr als tausend Fachleute und Besucher.<\/p><p>.\r\n<p>Bei dieser allerersten Ausgabe der Nachhaltigkeitsmesse Mitcha-Mitcha pr\u00e4sentieren fast drei\u00dfig Aussteller ihre Ma\u00dfnahmen und Innovationen im Bereich der nachhaltigen Wirtschaft.<\/p>>.\r\n<p>Die Messe ist in sieben (07) Schl\u00fcsselbereiche unterteilt, n\u00e4mlich:<\/p>.\r\n<p><strong>01 Zone &#8222;earth&#8220; (Start-up)<\/strong> f\u00fcr UnternehmerInnen, die mit wirkungsorientierten Projekten beginnen;<\/p>.\r\n<p><strong>01 Zone &#8222;sun&#8217;light&#8220; (Standard)<\/strong>, in der ein Dutzend KMUs und Institutionen erwartet werden;<\/p>.\r\n<p><strong>01 Zone &#8222;ever&#8217;green&#8220; + 01 Zone &#8222;sustain&#8217;able&#8220;<\/strong>&nbsp;angeordnet in strategischen R\u00e4umen f\u00fcr die F\u00fchrer verschiedener Sektoren der nachhaltigen Wirtschaft;<\/p>>.\r\n<p><strong>01 pr\u00e4chtiges Auditorium<\/strong> <strong>mit 600 Pl\u00e4tzen<\/strong>, in dem Konferenzen und Diskussionsrunden sowie k\u00fcnstlerische Darbietungen stattfinden werden;<\/p>.\r\n<p><strong>01 Entspannungs- und Freizeitbereich<\/strong>, wo Fachleute und Besucher Spa\u00df haben und gleichzeitig mehr \u00fcber Nachhaltigkeit lernen k\u00f6nnen;<\/p>.\r\n<p><strong>01 Gastronomiebereich<\/strong>, wo wahre Geschmacksnuggets mit Frische und Geselligkeit auf Sie warten;<\/p>>\r\n<p>Viele weitere Dienstleistungen werden dazu beitragen, Ihnen einzigartige Momente von hoher Qualit\u00e4t zu bieten und gleichzeitig einen weiteren Schritt in Richtung Nachhaltigkeit zu gehen.<\/p>\t\t\t\t\t\t\t\t<\/div>\n\t\t\t\t<\/div>\n\t\t\t\t\t<\/div>\n\t\t<\/div>\n\t\t\t\t\t<\/div>\n\t\t<\/section>\n\t\t\t\t<section data-dce-background-image-url=\"https:\/\/mitcha-mitcha.ch\/wp-content\/uploads\/2024\/09\/1280x720_CorpoTrame01_MitchaMitcha.png\" class=\"elementor-section elementor-top-section elementor-element elementor-element-6be9746 elementor-section-boxed elementor-section-height-default elementor-section-height-default\" data-id=\"6be9746\" data-element_type=\"section\" data-e-type=\"section\" data-settings=\"{&quot;background_background&quot;:&quot;classic&quot;}\">\n\t\t\t\t\t\t<div class=\"elementor-container elementor-column-gap-default\">\n\t\t\t\t\t<div class=\"elementor-column elementor-col-50 elementor-top-column elementor-element elementor-element-e1b2697\" data-id=\"e1b2697\" data-element_type=\"column\" data-e-type=\"column\">\n\t\t\t<div class=\"elementor-widget-wrap\">\n\t\t\t\t\t\t\t<\/div>\n\t\t<\/div>\n\t\t\t\t<div class=\"elementor-column elementor-col-50 elementor-top-column elementor-element elementor-element-f062aef\" data-id=\"f062aef\" data-element_type=\"column\" data-e-type=\"column\">\n\t\t\t<div class=\"elementor-widget-wrap elementor-element-populated\">\n\t\t\t\t\t\t<div class=\"elementor-element elementor-element-5b933c9 elementor-widget elementor-widget-spacer\" data-id=\"5b933c9\" data-element_type=\"widget\" data-e-type=\"widget\" data-widget_type=\"spacer.default\">\n\t\t\t\t<div class=\"elementor-widget-container\">\n\t\t\t\t\t\t\t<div class=\"elementor-spacer\">\n\t\t\t<div class=\"elementor-spacer-inner\"><\/div>\n\t\t<\/div>\n\t\t\t\t\t\t<\/div>\n\t\t\t\t<\/div>\n\t\t\t\t<div class=\"elementor-element elementor-element-e66b869 elementor-widget elementor-widget-spacer\" data-id=\"e66b869\" data-element_type=\"widget\" data-e-type=\"widget\" data-widget_type=\"spacer.default\">\n\t\t\t\t<div class=\"elementor-widget-container\">\n\t\t\t\t\t\t\t<div class=\"elementor-spacer\">\n\t\t\t<div class=\"elementor-spacer-inner\"><\/div>\n\t\t<\/div>\n\t\t\t\t\t\t<\/div>\n\t\t\t\t<\/div>\n\t\t\t\t\t<\/div>\n\t\t<\/div>\n\t\t\t\t\t<\/div>\n\t\t<\/section>\n\t\t\t\t<\/div>\n\t\t","protected":false},"excerpt":{"rendered":"<p>Plan der Ausstellung Von Donnerstag, dem 2. bis Samstag, dem 4. Oktober 2025, empfangen die S\u00e4le Rome und Forum des Palais de Beaulieu in Lausanne mehr als tausend Fachleute und Besucher. . Bei dieser allerersten Ausgabe der Nachhaltigkeitsmesse Mitcha-Mitcha pr\u00e4sentieren fast drei\u00dfig Aussteller ihre Ma\u00dfnahmen und Innovationen im Bereich der nachhaltigen Wirtschaft. >. Die Messe [&hellip;]<\/p>\n","protected":false},"author":2,"featured_media":0,"parent":578,"menu_order":0,"comment_status":"closed","ping_status":"closed","template":"","meta":{"_acf_changed":false,"footnotes":""},"class_list":["post-1844","page","type-page","status-publish","hentry"],"acf":[],"_links":{"self":[{"href":"https:\/\/mitcha-mitcha.ch\/de\/wp-json\/wp\/v2\/pages\/1844","targetHints":{"allow":["GET"]}}],"collection":[{"href":"https:\/\/mitcha-mitcha.ch\/de\/wp-json\/wp\/v2\/pages"}],"about":[{"href":"https:\/\/mitcha-mitcha.ch\/de\/wp-json\/wp\/v2\/types\/page"}],"author":[{"embeddable":true,"href":"https:\/\/mitcha-mitcha.ch\/de\/wp-json\/wp\/v2\/users\/2"}],"replies":[{"embeddable":true,"href":"https:\/\/mitcha-mitcha.ch\/de\/wp-json\/wp\/v2\/comments?post=1844"}],"version-history":[{"count":1,"href":"https:\/\/mitcha-mitcha.ch\/de\/wp-json\/wp\/v2\/pages\/1844\/revisions"}],"predecessor-version":[{"id":1845,"href":"https:\/\/mitcha-mitcha.ch\/de\/wp-json\/wp\/v2\/pages\/1844\/revisions\/1845"}],"up":[{"embeddable":true,"href":"https:\/\/mitcha-mitcha.ch\/de\/wp-json\/wp\/v2\/pages\/578"}],"wp:attachment":[{"href":"https:\/\/mitcha-mitcha.ch\/de\/wp-json\/wp\/v2\/media?parent=1844"}],"curies":[{"name":"wp","href":"https:\/\/api.w.org\/{rel}","templated":true}]}}