{"id":1860,"date":"2024-09-28T19:16:35","date_gmt":"2024-09-28T17:16:35","guid":{"rendered":"https:\/\/mitcha.siteweb.ch\/animationen\/inspirierende-vortraege\/"},"modified":"2025-03-07T13:45:57","modified_gmt":"2025-03-07T12:45:57","slug":"inspirierende-vortraege","status":"publish","type":"page","link":"https:\/\/mitcha-mitcha.ch\/de\/animationen\/inspirierende-vortraege\/","title":{"rendered":"Inspirierende Vortr\u00e4ge"},"content":{"rendered":"\t\t<div data-elementor-type=\"wp-page\" data-elementor-id=\"1860\" class=\"elementor elementor-1860 elementor-637\" data-elementor-post-type=\"page\">\n\t\t\t\t\t\t<section data-dce-background-color=\"#FFFFFF\" class=\"elementor-section elementor-top-section elementor-element elementor-element-e17819e elementor-section-boxed elementor-section-height-default elementor-section-height-default\" data-id=\"e17819e\" data-element_type=\"section\" data-e-type=\"section\" data-settings=\"{&quot;background_background&quot;:&quot;classic&quot;}\">\n\t\t\t\t\t\t<div class=\"elementor-container elementor-column-gap-default\">\n\t\t\t\t\t<div class=\"elementor-column elementor-col-100 elementor-top-column elementor-element elementor-element-60ff1dc\" data-id=\"60ff1dc\" data-element_type=\"column\" data-e-type=\"column\">\n\t\t\t<div class=\"elementor-widget-wrap elementor-element-populated\">\n\t\t\t\t\t\t<section class=\"elementor-section elementor-inner-section elementor-element elementor-element-2ab8975 elementor-section-boxed elementor-section-height-default elementor-section-height-default\" data-id=\"2ab8975\" data-element_type=\"section\" data-e-type=\"section\">\n\t\t\t\t\t\t<div class=\"elementor-container elementor-column-gap-default\">\n\t\t\t\t\t<div class=\"elementor-column elementor-col-50 elementor-inner-column elementor-element elementor-element-14aa30b\" data-id=\"14aa30b\" data-element_type=\"column\" data-e-type=\"column\">\n\t\t\t<div class=\"elementor-widget-wrap elementor-element-populated\">\n\t\t\t\t\t\t<div class=\"elementor-element elementor-element-ec568ba elementor-widget elementor-widget-image\" data-id=\"ec568ba\" data-element_type=\"widget\" data-e-type=\"widget\" data-widget_type=\"image.default\">\n\t\t\t\t<div class=\"elementor-widget-container\">\n\t\t\t\t\t\t\t\t\t\t\t\t\t\t\t<img fetchpriority=\"high\" decoding=\"async\" width=\"800\" height=\"800\" src=\"https:\/\/mitcha-mitcha.ch\/wp-content\/uploads\/2025\/02\/1200x1200_IMG1_MitchaMitcha-1024x1024.png\" class=\"attachment-large size-large wp-image-1074\" alt=\"\" srcset=\"https:\/\/mitcha-mitcha.ch\/wp-content\/uploads\/2025\/02\/1200x1200_IMG1_MitchaMitcha-1024x1024.png 1024w, https:\/\/mitcha-mitcha.ch\/wp-content\/uploads\/2025\/02\/1200x1200_IMG1_MitchaMitcha-300x300.png 300w, https:\/\/mitcha-mitcha.ch\/wp-content\/uploads\/2025\/02\/1200x1200_IMG1_MitchaMitcha-150x150.png 150w, https:\/\/mitcha-mitcha.ch\/wp-content\/uploads\/2025\/02\/1200x1200_IMG1_MitchaMitcha-768x768.png 768w, https:\/\/mitcha-mitcha.ch\/wp-content\/uploads\/2025\/02\/1200x1200_IMG1_MitchaMitcha-1536x1536.png 1536w, https:\/\/mitcha-mitcha.ch\/wp-content\/uploads\/2025\/02\/1200x1200_IMG1_MitchaMitcha-2048x2048.png 2048w\" sizes=\"(max-width: 800px) 100vw, 800px\" \/>\t\t\t\t\t\t\t\t\t\t\t\t\t\t\t<\/div>\n\t\t\t\t<\/div>\n\t\t\t\t\t<\/div>\n\t\t<\/div>\n\t\t\t\t<div class=\"elementor-column elementor-col-50 elementor-inner-column elementor-element elementor-element-4ce7ad6\" data-id=\"4ce7ad6\" data-element_type=\"column\" data-e-type=\"column\">\n\t\t\t<div class=\"elementor-widget-wrap elementor-element-populated\">\n\t\t\t\t\t\t<div data-dce-title-color=\"#85C598\" class=\"elementor-element elementor-element-698bbb9 elementor-widget elementor-widget-heading\" data-id=\"698bbb9\" data-element_type=\"widget\" data-e-type=\"widget\" data-widget_type=\"heading.default\">\n\t\t\t\t<div class=\"elementor-widget-container\">\n\t\t\t\t\t<h3 class=\"elementor-heading-title elementor-size-default\">Konferenzen <br>inspirierend<\/h3>\t\t\t\t<\/div>\n\t\t\t\t<\/div>\n\t\t\t\t<div class=\"elementor-element elementor-element-e386c18 elementor-widget elementor-widget-text-editor\" data-id=\"e386c18\" data-element_type=\"widget\" data-e-type=\"widget\" data-widget_type=\"text-editor.default\">\n\t\t\t\t<div class=\"elementor-widget-container\">\n\t\t\t\t\t\t\t\t\t<p>F\u00fcr die Ausgabe 2025 zum Thema &#8222;Innovation und Besch\u00e4ftigung&#8220; sind dies die Experten, die unser Wissen in den Vortr\u00e4gen und Diskussionsrunden bereichern werden (vorl\u00e4ufiges Programm):<\/p>\n<p><strong>Referent\/in 1 :<\/strong><\/p>\n<p>Nachhaltigkeit und Besch\u00e4ftigung<\/p>\n<p><strong>Referent\/in 2 :<\/strong><\/p>\n<p>Schaffung von gr\u00fcnen Berufen<\/p>\n<p><strong>Referent\/in 3 :<\/strong><\/p>\n<p>Technologie und nachhaltige Arbeitspl\u00e4tze<\/p>\n\t\t\t\t\t\t\t\t<\/div>\n\t\t\t\t<\/div>\n\t\t\t\t\t<\/div>\n\t\t<\/div>\n\t\t\t\t\t<\/div>\n\t\t<\/section>\n\t\t\t\t<section class=\"elementor-section elementor-inner-section elementor-element elementor-element-5ea6a7a elementor-section-boxed elementor-section-height-default elementor-section-height-default\" data-id=\"5ea6a7a\" data-element_type=\"section\" data-e-type=\"section\">\n\t\t\t\t\t\t<div class=\"elementor-container elementor-column-gap-default\">\n\t\t\t\t\t<div class=\"elementor-column elementor-col-100 elementor-inner-column elementor-element elementor-element-597919c\" data-id=\"597919c\" data-element_type=\"column\" data-e-type=\"column\">\n\t\t\t<div class=\"elementor-widget-wrap elementor-element-populated\">\n\t\t\t\t\t\t<div data-dce-text-color=\"#FFFFFF\" data-dce-advanced-background-color=\"#85C598\" class=\"elementor-element elementor-element-aa5f415 elementor-widget elementor-widget-text-editor\" data-id=\"aa5f415\" data-element_type=\"widget\" data-e-type=\"widget\" data-widget_type=\"text-editor.default\">\n\t\t\t\t<div class=\"elementor-widget-container\">\n\t\t\t\t\t\t\t\t\t<p style=\"font-family: -apple-system, 'system-ui', 'Segoe UI', Roboto, 'Helvetica Neue', Arial, 'Noto Sans', sans-serif, 'Apple Color Emoji', 'Segoe UI Emoji', 'Segoe UI Symbol', 'Noto Color Emoji'; font-size: 16px;\">\n<p style=\"font-family: -apple-system, 'system-ui', 'Segoe UI', Roboto, 'Helvetica Neue', Arial, 'Noto Sans', sans-serif, 'Apple Color Emoji', 'Segoe UI Emoji', 'Segoe UI Symbol', 'Noto Color Emoji'; font-size: 16px;\">F\u00fcr weitere Informationen steht Ihnen unser Team per E-Mail <strong>s.durabilite@mitcha-mitcha.ch<\/strong> oder telefonisch unter <strong>+41 79 383 90 37<\/strong> zur Verf\u00fcgung.<\/p>\n<p style=\"font-family: -apple-system, 'system-ui', 'Segoe UI', Roboto, 'Helvetica Neue', Arial, 'Noto Sans', sans-serif, 'Apple Color Emoji', 'Segoe UI Emoji', 'Segoe UI Symbol', 'Noto Color Emoji'; font-size: 16px;\">\n\t\t\t\t\t\t\t\t<\/div>\n\t\t\t\t<\/div>\n\t\t\t\t\t<\/div>\n\t\t<\/div>\n\t\t\t\t\t<\/div>\n\t\t<\/section>\n\t\t\t\t\t<\/div>\n\t\t<\/div>\n\t\t\t\t\t<\/div>\n\t\t<\/section>\n\t\t\t\t<section data-dce-background-image-url=\"https:\/\/mitcha-mitcha.ch\/wp-content\/uploads\/2024\/09\/1280x720_CorpoTrame01_MitchaMitcha.png\" class=\"elementor-section elementor-top-section elementor-element elementor-element-0e70fcf elementor-section-boxed elementor-section-height-default elementor-section-height-default\" data-id=\"0e70fcf\" data-element_type=\"section\" data-e-type=\"section\" data-settings=\"{&quot;background_background&quot;:&quot;classic&quot;}\">\n\t\t\t\t\t\t<div class=\"elementor-container elementor-column-gap-default\">\n\t\t\t\t\t<div class=\"elementor-column elementor-col-50 elementor-top-column elementor-element elementor-element-2bd38db\" data-id=\"2bd38db\" data-element_type=\"column\" data-e-type=\"column\">\n\t\t\t<div class=\"elementor-widget-wrap\">\n\t\t\t\t\t\t\t<\/div>\n\t\t<\/div>\n\t\t\t\t<div class=\"elementor-column elementor-col-50 elementor-top-column elementor-element elementor-element-7773f8a\" data-id=\"7773f8a\" data-element_type=\"column\" data-e-type=\"column\">\n\t\t\t<div class=\"elementor-widget-wrap elementor-element-populated\">\n\t\t\t\t\t\t<div class=\"elementor-element elementor-element-fe873f4 elementor-widget elementor-widget-spacer\" data-id=\"fe873f4\" data-element_type=\"widget\" data-e-type=\"widget\" data-widget_type=\"spacer.default\">\n\t\t\t\t<div class=\"elementor-widget-container\">\n\t\t\t\t\t\t\t<div class=\"elementor-spacer\">\n\t\t\t<div class=\"elementor-spacer-inner\"><\/div>\n\t\t<\/div>\n\t\t\t\t\t\t<\/div>\n\t\t\t\t<\/div>\n\t\t\t\t<div class=\"elementor-element elementor-element-f9c752e elementor-widget elementor-widget-spacer\" data-id=\"f9c752e\" data-element_type=\"widget\" data-e-type=\"widget\" data-widget_type=\"spacer.default\">\n\t\t\t\t<div class=\"elementor-widget-container\">\n\t\t\t\t\t\t\t<div class=\"elementor-spacer\">\n\t\t\t<div class=\"elementor-spacer-inner\"><\/div>\n\t\t<\/div>\n\t\t\t\t\t\t<\/div>\n\t\t\t\t<\/div>\n\t\t\t\t\t<\/div>\n\t\t<\/div>\n\t\t\t\t\t<\/div>\n\t\t<\/section>\n\t\t\t\t<\/div>\n\t\t","protected":false},"excerpt":{"rendered":"<p>Konferenzen inspirierend F\u00fcr die Ausgabe 2025 zum Thema &#8222;Innovation und Besch\u00e4ftigung&#8220; sind dies die Experten, die unser Wissen in den Vortr\u00e4gen und Diskussionsrunden bereichern werden (vorl\u00e4ufiges Programm): Referent\/in 1 : Nachhaltigkeit und Besch\u00e4ftigung Referent\/in 2 : Schaffung von gr\u00fcnen Berufen Referent\/in 3 : Technologie und nachhaltige Arbeitspl\u00e4tze F\u00fcr weitere Informationen steht Ihnen unser Team per [&hellip;]<\/p>\n","protected":false},"author":1,"featured_media":0,"parent":555,"menu_order":0,"comment_status":"closed","ping_status":"closed","template":"","meta":{"_acf_changed":false,"footnotes":""},"class_list":["post-1860","page","type-page","status-publish","hentry"],"acf":[],"_links":{"self":[{"href":"https:\/\/mitcha-mitcha.ch\/de\/wp-json\/wp\/v2\/pages\/1860","targetHints":{"allow":["GET"]}}],"collection":[{"href":"https:\/\/mitcha-mitcha.ch\/de\/wp-json\/wp\/v2\/pages"}],"about":[{"href":"https:\/\/mitcha-mitcha.ch\/de\/wp-json\/wp\/v2\/types\/page"}],"author":[{"embeddable":true,"href":"https:\/\/mitcha-mitcha.ch\/de\/wp-json\/wp\/v2\/users\/1"}],"replies":[{"embeddable":true,"href":"https:\/\/mitcha-mitcha.ch\/de\/wp-json\/wp\/v2\/comments?post=1860"}],"version-history":[{"count":1,"href":"https:\/\/mitcha-mitcha.ch\/de\/wp-json\/wp\/v2\/pages\/1860\/revisions"}],"predecessor-version":[{"id":1861,"href":"https:\/\/mitcha-mitcha.ch\/de\/wp-json\/wp\/v2\/pages\/1860\/revisions\/1861"}],"up":[{"embeddable":true,"href":"https:\/\/mitcha-mitcha.ch\/de\/wp-json\/wp\/v2\/pages\/555"}],"wp:attachment":[{"href":"https:\/\/mitcha-mitcha.ch\/de\/wp-json\/wp\/v2\/media?parent=1860"}],"curies":[{"name":"wp","href":"https:\/\/api.w.org\/{rel}","templated":true}]}}