{"id":1864,"date":"2024-09-28T19:16:21","date_gmt":"2024-09-28T17:16:21","guid":{"rendered":"https:\/\/mitcha.siteweb.ch\/animationen\/kuenstlerische-performances\/"},"modified":"2025-03-07T13:47:28","modified_gmt":"2025-03-07T12:47:28","slug":"kuenstlerische-performances","status":"publish","type":"page","link":"https:\/\/mitcha-mitcha.ch\/de\/animationen\/kuenstlerische-performances\/","title":{"rendered":"K\u00fcnstlerische Performances"},"content":{"rendered":"\t\t<div data-elementor-type=\"wp-page\" data-elementor-id=\"1864\" class=\"elementor elementor-1864 elementor-635\" data-elementor-post-type=\"page\">\n\t\t\t\t\t\t<section data-dce-background-color=\"#FFFFFF\" class=\"elementor-section elementor-top-section elementor-element elementor-element-6ec3316 elementor-section-boxed elementor-section-height-default elementor-section-height-default\" data-id=\"6ec3316\" data-element_type=\"section\" data-e-type=\"section\" data-settings=\"{&quot;background_background&quot;:&quot;classic&quot;}\">\n\t\t\t\t\t\t<div class=\"elementor-container elementor-column-gap-default\">\n\t\t\t\t\t<div class=\"elementor-column elementor-col-100 elementor-top-column elementor-element elementor-element-556c0b8\" data-id=\"556c0b8\" data-element_type=\"column\" data-e-type=\"column\">\n\t\t\t<div class=\"elementor-widget-wrap elementor-element-populated\">\n\t\t\t\t\t\t<section class=\"elementor-section elementor-inner-section elementor-element elementor-element-8589a77 elementor-section-boxed elementor-section-height-default elementor-section-height-default\" data-id=\"8589a77\" data-element_type=\"section\" data-e-type=\"section\">\n\t\t\t\t\t\t<div class=\"elementor-container elementor-column-gap-default\">\n\t\t\t\t\t<div class=\"elementor-column elementor-col-50 elementor-inner-column elementor-element elementor-element-e6b3106\" data-id=\"e6b3106\" data-element_type=\"column\" data-e-type=\"column\">\n\t\t\t<div class=\"elementor-widget-wrap elementor-element-populated\">\n\t\t\t\t\t\t<div class=\"elementor-element elementor-element-f10cdd2 elementor-widget elementor-widget-image\" data-id=\"f10cdd2\" data-element_type=\"widget\" data-e-type=\"widget\" data-widget_type=\"image.default\">\n\t\t\t\t<div class=\"elementor-widget-container\">\n\t\t\t\t\t\t\t\t\t\t\t\t\t\t\t<img fetchpriority=\"high\" decoding=\"async\" width=\"800\" height=\"800\" src=\"https:\/\/mitcha-mitcha.ch\/wp-content\/uploads\/2025\/02\/1200x1200_IMG1_MitchaMitcha-1024x1024.png\" class=\"attachment-large size-large wp-image-1074\" alt=\"\" srcset=\"https:\/\/mitcha-mitcha.ch\/wp-content\/uploads\/2025\/02\/1200x1200_IMG1_MitchaMitcha-1024x1024.png 1024w, https:\/\/mitcha-mitcha.ch\/wp-content\/uploads\/2025\/02\/1200x1200_IMG1_MitchaMitcha-300x300.png 300w, https:\/\/mitcha-mitcha.ch\/wp-content\/uploads\/2025\/02\/1200x1200_IMG1_MitchaMitcha-150x150.png 150w, https:\/\/mitcha-mitcha.ch\/wp-content\/uploads\/2025\/02\/1200x1200_IMG1_MitchaMitcha-768x768.png 768w, https:\/\/mitcha-mitcha.ch\/wp-content\/uploads\/2025\/02\/1200x1200_IMG1_MitchaMitcha-1536x1536.png 1536w, https:\/\/mitcha-mitcha.ch\/wp-content\/uploads\/2025\/02\/1200x1200_IMG1_MitchaMitcha-2048x2048.png 2048w\" sizes=\"(max-width: 800px) 100vw, 800px\" \/>\t\t\t\t\t\t\t\t\t\t\t\t\t\t\t<\/div>\n\t\t\t\t<\/div>\n\t\t\t\t\t<\/div>\n\t\t<\/div>\n\t\t\t\t<div class=\"elementor-column elementor-col-50 elementor-inner-column elementor-element elementor-element-54e7b88\" data-id=\"54e7b88\" data-element_type=\"column\" data-e-type=\"column\">\n\t\t\t<div class=\"elementor-widget-wrap elementor-element-populated\">\n\t\t\t\t\t\t<div data-dce-title-color=\"#85C598\" class=\"elementor-element elementor-element-1da6b57 elementor-widget elementor-widget-heading\" data-id=\"1da6b57\" data-element_type=\"widget\" data-e-type=\"widget\" data-widget_type=\"heading.default\">\n\t\t\t\t<div class=\"elementor-widget-container\">\n\t\t\t\t\t<h3 class=\"elementor-heading-title elementor-size-default\">Leistungen <br> K\u00fcnstlerische Leistungen<\/h3>\t\t\t\t<\/div>\n\t\t\t\t<\/div>\n\t\t\t\t<div class=\"elementor-element elementor-element-83e6179 elementor-widget elementor-widget-text-editor\" data-id=\"83e6179\" data-element_type=\"widget\" data-e-type=\"widget\" data-widget_type=\"text-editor.default\">\n\t\t\t\t<div class=\"elementor-widget-container\">\n\t\t\t\t\t\t\t\t\t<p>F\u00fcr die Ausgabe 2025 sind dies die K\u00fcnstler, die Sie bei ihren au\u00dfergew\u00f6hnlichen Auftritten mit Qualit\u00e4tsmomenten und tiefen Emotionen begeistern werden (vorl\u00e4ufiges Programm) :<\/p>\n<p><strong>K\u00fcnstler 1 :<\/strong><\/p>\n<p>Nachhaltigkeit und Besch\u00e4ftigung<\/p>\n<p><strong>K\u00fcnstler 2 :<\/strong><\/p>\n<p>Schaffung von gr\u00fcnen Berufen<\/p>\n<p><strong>K\u00fcnstler 3 :<\/strong><\/p>\n<p>Technologie und nachhaltige Arbeitspl\u00e4tze<\/p>\n\t\t\t\t\t\t\t\t<\/div>\n\t\t\t\t<\/div>\n\t\t\t\t\t<\/div>\n\t\t<\/div>\n\t\t\t\t\t<\/div>\n\t\t<\/section>\n\t\t\t\t<section class=\"elementor-section elementor-inner-section elementor-element elementor-element-c5c62ab elementor-section-boxed elementor-section-height-default elementor-section-height-default\" data-id=\"c5c62ab\" data-element_type=\"section\" data-e-type=\"section\">\n\t\t\t\t\t\t<div class=\"elementor-container elementor-column-gap-default\">\n\t\t\t\t\t<div class=\"elementor-column elementor-col-100 elementor-inner-column elementor-element elementor-element-4006e20\" data-id=\"4006e20\" data-element_type=\"column\" data-e-type=\"column\">\n\t\t\t<div class=\"elementor-widget-wrap elementor-element-populated\">\n\t\t\t\t\t\t<div data-dce-text-color=\"#FFFFFF\" data-dce-advanced-background-color=\"#85C598\" class=\"elementor-element elementor-element-4e88ff9 elementor-widget elementor-widget-text-editor\" data-id=\"4e88ff9\" data-element_type=\"widget\" data-e-type=\"widget\" data-widget_type=\"text-editor.default\">\n\t\t\t\t<div class=\"elementor-widget-container\">\n\t\t\t\t\t\t\t\t\t<p style=\"font-family: -apple-system, 'system-ui', 'Segoe UI', Roboto, 'Helvetica Neue', Arial, 'Noto Sans', sans-serif, 'Apple Color Emoji', 'Segoe UI Emoji', 'Segoe UI Symbol', 'Noto Color Emoji'; font-size: 16px;\">\n<p style=\"font-family: -apple-system, 'system-ui', 'Segoe UI', Roboto, 'Helvetica Neue', Arial, 'Noto Sans', sans-serif, 'Apple Color Emoji', 'Segoe UI Emoji', 'Segoe UI Symbol', 'Noto Color Emoji'; font-size: 16px;\">F\u00fcr weitere Informationen steht Ihnen unser Team per E-Mail <strong>s.durabilite@mitcha-mitcha.ch<\/strong> oder telefonisch unter <strong>+41 79 383 90 37<\/strong> zur Verf\u00fcgung.<\/p>\n<p style=\"font-family: -apple-system, 'system-ui', 'Segoe UI', Roboto, 'Helvetica Neue', Arial, 'Noto Sans', sans-serif, 'Apple Color Emoji', 'Segoe UI Emoji', 'Segoe UI Symbol', 'Noto Color Emoji'; font-size: 16px;\">\n\t\t\t\t\t\t\t\t<\/div>\n\t\t\t\t<\/div>\n\t\t\t\t\t<\/div>\n\t\t<\/div>\n\t\t\t\t\t<\/div>\n\t\t<\/section>\n\t\t\t\t\t<\/div>\n\t\t<\/div>\n\t\t\t\t\t<\/div>\n\t\t<\/section>\n\t\t\t\t<section data-dce-background-image-url=\"https:\/\/mitcha-mitcha.ch\/wp-content\/uploads\/2024\/09\/1280x720_CorpoTrame01_MitchaMitcha.png\" class=\"elementor-section elementor-top-section elementor-element elementor-element-1b60263 elementor-section-boxed elementor-section-height-default elementor-section-height-default\" data-id=\"1b60263\" data-element_type=\"section\" data-e-type=\"section\" data-settings=\"{&quot;background_background&quot;:&quot;classic&quot;}\">\n\t\t\t\t\t\t<div class=\"elementor-container elementor-column-gap-default\">\n\t\t\t\t\t<div class=\"elementor-column elementor-col-50 elementor-top-column elementor-element elementor-element-9144aec\" data-id=\"9144aec\" data-element_type=\"column\" data-e-type=\"column\">\n\t\t\t<div class=\"elementor-widget-wrap\">\n\t\t\t\t\t\t\t<\/div>\n\t\t<\/div>\n\t\t\t\t<div class=\"elementor-column elementor-col-50 elementor-top-column elementor-element elementor-element-af40aa4\" data-id=\"af40aa4\" data-element_type=\"column\" data-e-type=\"column\">\n\t\t\t<div class=\"elementor-widget-wrap elementor-element-populated\">\n\t\t\t\t\t\t<div class=\"elementor-element elementor-element-94740b5 elementor-widget elementor-widget-spacer\" data-id=\"94740b5\" data-element_type=\"widget\" data-e-type=\"widget\" data-widget_type=\"spacer.default\">\n\t\t\t\t<div class=\"elementor-widget-container\">\n\t\t\t\t\t\t\t<div class=\"elementor-spacer\">\n\t\t\t<div class=\"elementor-spacer-inner\"><\/div>\n\t\t<\/div>\n\t\t\t\t\t\t<\/div>\n\t\t\t\t<\/div>\n\t\t\t\t<div class=\"elementor-element elementor-element-4c5462e elementor-widget elementor-widget-spacer\" data-id=\"4c5462e\" data-element_type=\"widget\" data-e-type=\"widget\" data-widget_type=\"spacer.default\">\n\t\t\t\t<div class=\"elementor-widget-container\">\n\t\t\t\t\t\t\t<div class=\"elementor-spacer\">\n\t\t\t<div class=\"elementor-spacer-inner\"><\/div>\n\t\t<\/div>\n\t\t\t\t\t\t<\/div>\n\t\t\t\t<\/div>\n\t\t\t\t\t<\/div>\n\t\t<\/div>\n\t\t\t\t\t<\/div>\n\t\t<\/section>\n\t\t\t\t<\/div>\n\t\t","protected":false},"excerpt":{"rendered":"<p>Leistungen K\u00fcnstlerische Leistungen F\u00fcr die Ausgabe 2025 sind dies die K\u00fcnstler, die Sie bei ihren au\u00dfergew\u00f6hnlichen Auftritten mit Qualit\u00e4tsmomenten und tiefen Emotionen begeistern werden (vorl\u00e4ufiges Programm) : K\u00fcnstler 1 : Nachhaltigkeit und Besch\u00e4ftigung K\u00fcnstler 2 : Schaffung von gr\u00fcnen Berufen K\u00fcnstler 3 : Technologie und nachhaltige Arbeitspl\u00e4tze F\u00fcr weitere Informationen steht Ihnen unser Team per [&hellip;]<\/p>\n","protected":false},"author":1,"featured_media":0,"parent":555,"menu_order":0,"comment_status":"closed","ping_status":"closed","template":"","meta":{"_acf_changed":false,"footnotes":""},"class_list":["post-1864","page","type-page","status-publish","hentry"],"acf":[],"_links":{"self":[{"href":"https:\/\/mitcha-mitcha.ch\/de\/wp-json\/wp\/v2\/pages\/1864","targetHints":{"allow":["GET"]}}],"collection":[{"href":"https:\/\/mitcha-mitcha.ch\/de\/wp-json\/wp\/v2\/pages"}],"about":[{"href":"https:\/\/mitcha-mitcha.ch\/de\/wp-json\/wp\/v2\/types\/page"}],"author":[{"embeddable":true,"href":"https:\/\/mitcha-mitcha.ch\/de\/wp-json\/wp\/v2\/users\/1"}],"replies":[{"embeddable":true,"href":"https:\/\/mitcha-mitcha.ch\/de\/wp-json\/wp\/v2\/comments?post=1864"}],"version-history":[{"count":1,"href":"https:\/\/mitcha-mitcha.ch\/de\/wp-json\/wp\/v2\/pages\/1864\/revisions"}],"predecessor-version":[{"id":1865,"href":"https:\/\/mitcha-mitcha.ch\/de\/wp-json\/wp\/v2\/pages\/1864\/revisions\/1865"}],"up":[{"embeddable":true,"href":"https:\/\/mitcha-mitcha.ch\/de\/wp-json\/wp\/v2\/pages\/555"}],"wp:attachment":[{"href":"https:\/\/mitcha-mitcha.ch\/de\/wp-json\/wp\/v2\/media?parent=1864"}],"curies":[{"name":"wp","href":"https:\/\/api.w.org\/{rel}","templated":true}]}}