{"id":528,"date":"2024-09-11T10:42:49","date_gmt":"2024-09-11T08:42:49","guid":{"rendered":"https:\/\/mitcha.siteweb.ch\/startseite\/"},"modified":"2025-03-11T17:49:47","modified_gmt":"2025-03-11T16:49:47","slug":"startseite","status":"publish","type":"page","link":"https:\/\/mitcha-mitcha.ch\/de\/","title":{"rendered":"Startseite"},"content":{"rendered":"\t\t<div data-elementor-type=\"wp-page\" data-elementor-id=\"528\" class=\"elementor elementor-528 elementor-18\" data-elementor-post-type=\"page\">\n\t\t\t\t\t\t<section class=\"elementor-section elementor-top-section elementor-element elementor-element-e37a60a elementor-section-boxed elementor-section-height-default elementor-section-height-default\" data-id=\"e37a60a\" data-element_type=\"section\" data-e-type=\"section\">\n\t\t\t\t\t\t<div class=\"elementor-container elementor-column-gap-default\">\n\t\t\t\t\t<div class=\"elementor-column elementor-col-100 elementor-top-column elementor-element elementor-element-c52d831\" data-id=\"c52d831\" data-element_type=\"column\" data-e-type=\"column\">\n\t\t\t<div class=\"elementor-widget-wrap\">\n\t\t\t\t\t\t\t<\/div>\n\t\t<\/div>\n\t\t\t\t\t<\/div>\n\t\t<\/section>\n\t\t\t\t<section data-dce-background-image-url=\"https:\/\/mitcha-mitcha.ch\/wp-content\/uploads\/2025\/02\/1600x720_SlideOk1_MitchaMitcha.png\" class=\"elementor-section elementor-top-section elementor-element elementor-element-d37ad9d elementor-section-boxed elementor-section-height-default elementor-section-height-default\" data-id=\"d37ad9d\" data-element_type=\"section\" data-e-type=\"section\" data-settings=\"{&quot;background_background&quot;:&quot;classic&quot;}\">\n\t\t\t\t\t\t<div class=\"elementor-container elementor-column-gap-default\">\n\t\t\t\t\t<div class=\"elementor-column elementor-col-100 elementor-top-column elementor-element elementor-element-02109ee\" data-id=\"02109ee\" data-element_type=\"column\" data-e-type=\"column\">\n\t\t\t<div class=\"elementor-widget-wrap elementor-element-populated\">\n\t\t\t\t\t\t<div class=\"elementor-element elementor-element-7b9bda5 elementor-widget elementor-widget-spacer\" data-id=\"7b9bda5\" data-element_type=\"widget\" data-e-type=\"widget\" data-widget_type=\"spacer.default\">\n\t\t\t\t<div class=\"elementor-widget-container\">\n\t\t\t\t\t\t\t<div class=\"elementor-spacer\">\n\t\t\t<div class=\"elementor-spacer-inner\"><\/div>\n\t\t<\/div>\n\t\t\t\t\t\t<\/div>\n\t\t\t\t<\/div>\n\t\t\t\t\t<\/div>\n\t\t<\/div>\n\t\t\t\t\t<\/div>\n\t\t<\/section>\n\t\t\t\t<section class=\"elementor-section elementor-top-section elementor-element elementor-element-202d9e5 elementor-section-boxed elementor-section-height-default elementor-section-height-default\" data-id=\"202d9e5\" data-element_type=\"section\" data-e-type=\"section\" data-settings=\"{&quot;background_background&quot;:&quot;classic&quot;}\">\n\t\t\t\t\t\t<div class=\"elementor-container elementor-column-gap-default\">\n\t\t\t\t\t<div class=\"elementor-column elementor-col-100 elementor-top-column elementor-element elementor-element-9e03556\" data-id=\"9e03556\" data-element_type=\"column\" data-e-type=\"column\">\n\t\t\t<div class=\"elementor-widget-wrap elementor-element-populated\">\n\t\t\t\t\t\t<div class=\"elementor-element elementor-element-47d057d elementor-widget elementor-widget-heading\" data-id=\"47d057d\" data-element_type=\"widget\" data-e-type=\"widget\" data-widget_type=\"heading.default\">\n\t\t\t\t<div class=\"elementor-widget-container\">\n\t\t\t\t\t<h1 class=\"elementor-heading-title elementor-size-default\">NACHHALTIGE WIRTSCHAFT F\u00dcR FACHLEUTE UND DIE BREITE \u00d6FFENTLICHKEIT<\/h1>\t\t\t\t<\/div>\n\t\t\t\t<\/div>\n\t\t\t\t<div data-dce-title-color=\"#FFFFFF\" class=\"elementor-element elementor-element-df97476 elementor-widget elementor-widget-heading\" data-id=\"df97476\" data-element_type=\"widget\" data-e-type=\"widget\" data-widget_type=\"heading.default\">\n\t\t\t\t<div class=\"elementor-widget-container\">\n\t\t\t\t\t<h3 class=\"elementor-heading-title elementor-size-default\">Vom 2. bis 4. Oktober 2025 <br>Palais de Beaulieu, Lausanne<\/h3>\t\t\t\t<\/div>\n\t\t\t\t<\/div>\n\t\t\t\t<div class=\"elementor-element elementor-element-d819c77 elementor-countdown--label-inline elementor-widget elementor-widget-countdown\" data-id=\"d819c77\" data-element_type=\"widget\" data-e-type=\"widget\" data-widget_type=\"countdown.default\">\n\t\t\t\t<div class=\"elementor-widget-container\">\n\t\t\t\t\t\t\t<div class=\"elementor-countdown-wrapper\" data-date=\"1759388400\">\n\t\t\t<div class=\"elementor-countdown-item\"><span class=\"elementor-countdown-digits elementor-countdown-days\"><\/span> <span class=\"elementor-countdown-label\">Tage<\/span><\/div><div class=\"elementor-countdown-item\"><span class=\"elementor-countdown-digits elementor-countdown-hours\"><\/span> <span class=\"elementor-countdown-label\">Stunden<\/span><\/div><div class=\"elementor-countdown-item\"><span class=\"elementor-countdown-digits elementor-countdown-minutes\"><\/span> <span class=\"elementor-countdown-label\">Minuten<\/span><\/div><div class=\"elementor-countdown-item\"><span class=\"elementor-countdown-digits elementor-countdown-seconds\"><\/span> <span class=\"elementor-countdown-label\">Sekunden<\/span><\/div>\t\t<\/div>\n\t\t\t\t\t\t<\/div>\n\t\t\t\t<\/div>\n\t\t\t\t\t<\/div>\n\t\t<\/div>\n\t\t\t\t\t<\/div>\n\t\t<\/section>\n\t\t\t\t<section data-dce-background-color=\"#FFFFFF\" class=\"elementor-section elementor-top-section elementor-element elementor-element-de3b1dc elementor-section-boxed elementor-section-height-default elementor-section-height-default\" data-id=\"de3b1dc\" data-element_type=\"section\" data-e-type=\"section\" data-settings=\"{&quot;background_background&quot;:&quot;classic&quot;}\">\n\t\t\t\t\t\t<div class=\"elementor-container elementor-column-gap-default\">\n\t\t\t\t\t<div class=\"elementor-column elementor-col-100 elementor-top-column elementor-element elementor-element-edbca37\" data-id=\"edbca37\" data-element_type=\"column\" data-e-type=\"column\">\n\t\t\t<div class=\"elementor-widget-wrap elementor-element-populated\">\n\t\t\t\t\t\t<section class=\"elementor-section elementor-inner-section elementor-element elementor-element-0ba71bc elementor-section-boxed elementor-section-height-default elementor-section-height-default\" data-id=\"0ba71bc\" data-element_type=\"section\" data-e-type=\"section\">\n\t\t\t\t\t\t<div class=\"elementor-container elementor-column-gap-default\">\n\t\t\t\t\t<div class=\"elementor-column elementor-col-50 elementor-inner-column elementor-element elementor-element-6a83305\" data-id=\"6a83305\" data-element_type=\"column\" data-e-type=\"column\">\n\t\t\t<div class=\"elementor-widget-wrap elementor-element-populated\">\n\t\t\t\t\t\t<div class=\"elementor-element elementor-element-98fbd00 elementor-widget elementor-widget-image\" data-id=\"98fbd00\" data-element_type=\"widget\" data-e-type=\"widget\" data-widget_type=\"image.default\">\n\t\t\t\t<div class=\"elementor-widget-container\">\n\t\t\t\t\t\t\t\t\t\t\t\t\t\t\t<img fetchpriority=\"high\" decoding=\"async\" width=\"800\" height=\"800\" src=\"https:\/\/mitcha-mitcha.ch\/wp-content\/uploads\/2025\/02\/1200x1200_IMG1_MitchaMitcha-1024x1024.png\" class=\"attachment-large size-large wp-image-1074\" alt=\"\" srcset=\"https:\/\/mitcha-mitcha.ch\/wp-content\/uploads\/2025\/02\/1200x1200_IMG1_MitchaMitcha-1024x1024.png 1024w, https:\/\/mitcha-mitcha.ch\/wp-content\/uploads\/2025\/02\/1200x1200_IMG1_MitchaMitcha-300x300.png 300w, https:\/\/mitcha-mitcha.ch\/wp-content\/uploads\/2025\/02\/1200x1200_IMG1_MitchaMitcha-150x150.png 150w, https:\/\/mitcha-mitcha.ch\/wp-content\/uploads\/2025\/02\/1200x1200_IMG1_MitchaMitcha-768x768.png 768w, https:\/\/mitcha-mitcha.ch\/wp-content\/uploads\/2025\/02\/1200x1200_IMG1_MitchaMitcha-1536x1536.png 1536w, https:\/\/mitcha-mitcha.ch\/wp-content\/uploads\/2025\/02\/1200x1200_IMG1_MitchaMitcha-2048x2048.png 2048w\" sizes=\"(max-width: 800px) 100vw, 800px\" \/>\t\t\t\t\t\t\t\t\t\t\t\t\t\t\t<\/div>\n\t\t\t\t<\/div>\n\t\t\t\t\t<\/div>\n\t\t<\/div>\n\t\t\t\t<div class=\"elementor-column elementor-col-50 elementor-inner-column elementor-element elementor-element-1b23665\" data-id=\"1b23665\" data-element_type=\"column\" data-e-type=\"column\">\n\t\t\t<div class=\"elementor-widget-wrap elementor-element-populated\">\n\t\t\t\t\t\t<div data-dce-title-color=\"#85C598\" class=\"elementor-element elementor-element-4d4a190 elementor-widget elementor-widget-heading\" data-id=\"4d4a190\" data-element_type=\"widget\" data-e-type=\"widget\" data-widget_type=\"heading.default\">\n\t\t\t\t<div class=\"elementor-widget-container\">\n\t\t\t\t\t<h3 class=\"elementor-heading-title elementor-size-default\">Messe f\u00fcr Nachhaltigkeit<br>\"Mitcha-Mitcha\"<\/h3>\t\t\t\t<\/div>\n\t\t\t\t<\/div>\n\t\t\t\t<div class=\"elementor-element elementor-element-ad41f9a elementor-widget elementor-widget-text-editor\" data-id=\"ad41f9a\" data-element_type=\"widget\" data-e-type=\"widget\" data-widget_type=\"text-editor.default\">\n\t\t\t\t<div class=\"elementor-widget-container\">\n\t\t\t\t\t\t\t\t\t<p>Besuchen Sie uns vom 2. bis 4. Oktober 2025 im Palais de Beaulieu, Lausanne, um nachhaltige und innovative L\u00f6sungen zu entdecken. Nehmen Sie an einer einzigartigen Veranstaltung teil, die Fachleuten aus verschiedenen Bereichen der nachhaltigen Wirtschaft und Innovation gewidmet ist, die innovative Partnerschaften entwickeln, sich gegenseitig inspirieren oder der breiten \u00d6ffentlichkeit, insbesondere jungen Menschen, n\u00e4herkommen m\u00f6chten. Dabei geht es um transversale Themen, die unseren Alltag inspirieren: verantwortungsvolle Ern\u00e4hrung, kluger Umgang mit Ressourcen, erneuerbare Energien, Kreislaufwirtschaft, nachhaltige Finanzen, gr\u00fcne Mobilit\u00e4t und vieles mehr!<\/p>\n<p>Unser Ziel ist es, eine dynamische und benutzerfreundliche Plattform f\u00fcr den Austausch von innovativen Ideen, L\u00f6sungen und Produkten zu bieten, die menschen- und umweltfreundlicher sind, und gleichzeitig die Vernetzung und bereichs\u00fcbergreifende Zusammenarbeit im Sinne der Nachhaltigkeit zu f\u00f6rdern.<\/p>\n\t\t\t\t\t\t\t\t<\/div>\n\t\t\t\t<\/div>\n\t\t\t\t<section class=\"elementor-section elementor-inner-section elementor-element elementor-element-4548840 elementor-section-boxed elementor-section-height-default elementor-section-height-default\" data-id=\"4548840\" data-element_type=\"section\" data-e-type=\"section\">\n\t\t\t\t\t\t<div class=\"elementor-container elementor-column-gap-default\">\n\t\t\t\t\t<div class=\"elementor-column elementor-col-50 elementor-inner-column elementor-element elementor-element-af26ed8\" data-id=\"af26ed8\" data-element_type=\"column\" data-e-type=\"column\">\n\t\t\t<div class=\"elementor-widget-wrap elementor-element-populated\">\n\t\t\t\t\t\t<div class=\"elementor-element elementor-element-7e16446 elementor-align-left elementor-mobile-align-center elementor-widget elementor-widget-button\" data-id=\"7e16446\" data-element_type=\"widget\" data-e-type=\"widget\" data-widget_type=\"button.default\">\n\t\t\t\t<div class=\"elementor-widget-container\">\n\t\t\t\t\t\t\t\t\t<div class=\"elementor-button-wrapper\">\n\t\t\t\t\t<a class=\"elementor-button elementor-button-link elementor-size-sm\" href=\"https:\/\/mitcha-mitcha.ch\/de\/liste-der-aussteller\/aussteller\/\">\n\t\t\t\t\t\t<span class=\"elementor-button-content-wrapper\">\n\t\t\t\t\t\t\t\t\t<span class=\"elementor-button-text\">Aussteller werden<\/span>\n\t\t\t\t\t<\/span>\n\t\t\t\t\t<\/a>\n\t\t\t\t<\/div>\n\t\t\t\t\t\t\t\t<\/div>\n\t\t\t\t<\/div>\n\t\t\t\t\t<\/div>\n\t\t<\/div>\n\t\t\t\t<div class=\"elementor-column elementor-col-50 elementor-inner-column elementor-element elementor-element-6673eaf\" data-id=\"6673eaf\" data-element_type=\"column\" data-e-type=\"column\">\n\t\t\t<div class=\"elementor-widget-wrap elementor-element-populated\">\n\t\t\t\t\t\t<div class=\"elementor-element elementor-element-415c819 elementor-align-left elementor-mobile-align-center elementor-widget elementor-widget-button\" data-id=\"415c819\" data-element_type=\"widget\" data-e-type=\"widget\" data-widget_type=\"button.default\">\n\t\t\t\t<div class=\"elementor-widget-container\">\n\t\t\t\t\t\t\t\t\t<div class=\"elementor-button-wrapper\">\n\t\t\t\t\t<a class=\"elementor-button elementor-size-sm\" role=\"button\">\n\t\t\t\t\t\t<span class=\"elementor-button-content-wrapper\">\n\t\t\t\t\t\t\t\t\t<span class=\"elementor-button-text\"><span>acc\u00e8s Billetterie<\/span><\/span>\n\t\t\t\t\t<\/span>\n\t\t\t\t\t<\/a>\n\t\t\t\t<\/div>\n\t\t\t\t\t\t\t\t<\/div>\n\t\t\t\t<\/div>\n\t\t\t\t\t<\/div>\n\t\t<\/div>\n\t\t\t\t\t<\/div>\n\t\t<\/section>\n\t\t\t\t\t<\/div>\n\t\t<\/div>\n\t\t\t\t\t<\/div>\n\t\t<\/section>\n\t\t\t\t\t<\/div>\n\t\t<\/div>\n\t\t\t\t\t<\/div>\n\t\t<\/section>\n\t\t\t\t<section data-dce-background-color=\"#FFFFFF\" class=\"elementor-section elementor-top-section elementor-element elementor-element-7da2001 elementor-section-boxed elementor-section-height-default elementor-section-height-default\" data-id=\"7da2001\" data-element_type=\"section\" data-e-type=\"section\" data-settings=\"{&quot;background_background&quot;:&quot;classic&quot;}\">\n\t\t\t\t\t\t<div class=\"elementor-container elementor-column-gap-default\">\n\t\t\t\t\t<div class=\"elementor-column elementor-col-100 elementor-top-column elementor-element elementor-element-366ba6f\" data-id=\"366ba6f\" data-element_type=\"column\" data-e-type=\"column\">\n\t\t\t<div class=\"elementor-widget-wrap elementor-element-populated\">\n\t\t\t\t\t\t<div data-dce-text-color=\"#85C598\" class=\"elementor-element elementor-element-e51efba elementor-widget elementor-widget-text-editor\" data-id=\"e51efba\" data-element_type=\"widget\" data-e-type=\"widget\" data-widget_type=\"text-editor.default\">\n\t\t\t\t<div class=\"elementor-widget-container\">\n\t\t\t\t\t\t\t\t\t<p class=\"p1\">Tragen Sie zu einer umwelt- und menschenfreundlicheren Zukunft bei!<\/p>\n\t\t\t\t\t\t\t\t<\/div>\n\t\t\t\t<\/div>\n\t\t\t\t<section class=\"elementor-section elementor-inner-section elementor-element elementor-element-84af22c elementor-section-boxed elementor-section-height-default elementor-section-height-default\" data-id=\"84af22c\" data-element_type=\"section\" data-e-type=\"section\">\n\t\t\t\t\t\t<div class=\"elementor-container elementor-column-gap-default\">\n\t\t\t\t\t<div class=\"elementor-column elementor-col-50 elementor-inner-column elementor-element elementor-element-fa69743\" data-id=\"fa69743\" data-element_type=\"column\" data-e-type=\"column\">\n\t\t\t<div class=\"elementor-widget-wrap elementor-element-populated\">\n\t\t\t\t\t\t<div class=\"elementor-element elementor-element-1c242a1 elementor-widget elementor-widget-image\" data-id=\"1c242a1\" data-element_type=\"widget\" data-e-type=\"widget\" data-widget_type=\"image.default\">\n\t\t\t\t<div class=\"elementor-widget-container\">\n\t\t\t\t\t\t\t\t\t\t\t\t\t\t\t<img decoding=\"async\" width=\"1536\" height=\"1536\" src=\"https:\/\/mitcha-mitcha.ch\/wp-content\/uploads\/2025\/02\/1200x1200_IMG2_MitchaMitcha-1536x1536.png\" class=\"attachment-1536x1536 size-1536x1536 wp-image-1077\" alt=\"\" srcset=\"https:\/\/mitcha-mitcha.ch\/wp-content\/uploads\/2025\/02\/1200x1200_IMG2_MitchaMitcha-1536x1536.png 1536w, https:\/\/mitcha-mitcha.ch\/wp-content\/uploads\/2025\/02\/1200x1200_IMG2_MitchaMitcha-300x300.png 300w, https:\/\/mitcha-mitcha.ch\/wp-content\/uploads\/2025\/02\/1200x1200_IMG2_MitchaMitcha-1024x1024.png 1024w, https:\/\/mitcha-mitcha.ch\/wp-content\/uploads\/2025\/02\/1200x1200_IMG2_MitchaMitcha-150x150.png 150w, https:\/\/mitcha-mitcha.ch\/wp-content\/uploads\/2025\/02\/1200x1200_IMG2_MitchaMitcha-768x768.png 768w, https:\/\/mitcha-mitcha.ch\/wp-content\/uploads\/2025\/02\/1200x1200_IMG2_MitchaMitcha-2048x2048.png 2048w\" sizes=\"(max-width: 1536px) 100vw, 1536px\" \/>\t\t\t\t\t\t\t\t\t\t\t\t\t\t\t<\/div>\n\t\t\t\t<\/div>\n\t\t\t\t\t<\/div>\n\t\t<\/div>\n\t\t\t\t<div class=\"elementor-column elementor-col-50 elementor-inner-column elementor-element elementor-element-54ab545\" data-id=\"54ab545\" data-element_type=\"column\" data-e-type=\"column\">\n\t\t\t<div class=\"elementor-widget-wrap elementor-element-populated\">\n\t\t\t\t\t\t<div data-dce-title-color=\"#85C598\" class=\"elementor-element elementor-element-f1204f2 elementor-widget elementor-widget-heading\" data-id=\"f1204f2\" data-element_type=\"widget\" data-e-type=\"widget\" data-widget_type=\"heading.default\">\n\t\t\t\t<div class=\"elementor-widget-container\">\n\t\t\t\t\t<h3 class=\"elementor-heading-title elementor-size-default\">Tauchen Sie ein in eine Welt, in der Innovation und Nachhaltigkeit aufeinandertreffen!<\/h3>\t\t\t\t<\/div>\n\t\t\t\t<\/div>\n\t\t\t\t<div class=\"elementor-element elementor-element-112faca elementor-widget elementor-widget-text-editor\" data-id=\"112faca\" data-element_type=\"widget\" data-e-type=\"widget\" data-widget_type=\"text-editor.default\">\n\t\t\t\t<div class=\"elementor-widget-container\">\n\t\t\t\t\t\t\t\t\t<p>Die Nachhaltigkeitsmesse Mitcha-Mitcha ist eine einzigartige Veranstaltung, die der nachhaltigen Innovation gewidmet ist und sich an KMU, Unternehmen, Organisationen und Institutionen richtet, die an den Einfluss der kollektiven Intelligenz und des Mehrwerts der breiten \u00d6ffentlichkeit im Wertsch\u00f6pfungsprozess glauben.<\/p>\n<p>Entdecken Sie vom 2. bis 4. Oktober 2025 im Palais de Beaulieu in Lausanne konkrete L\u00f6sungen, inspirierende Initiativen und neuartige Kooperationen zwischen Fachleuten und Experten einerseits und zwischen Wirtschaft und breiter \u00d6ffentlichkeit andererseits.<\/p>\n<p>Mit fast 30 Ausstellern und mehr als 1000 erwarteten Besuchern bringt diese Veranstaltung Fachleute aus allen Bereichen zusammen, um Aktionen und Innovationen zugunsten einer gr\u00fcneren Wirtschaft, einer umwelt- und menschenfreundlicheren Gesellschaft zu denken, zu teilen und zu konkretisieren.<\/p>\n\t\t\t\t\t\t\t\t<\/div>\n\t\t\t\t<\/div>\n\t\t\t\t\t<\/div>\n\t\t<\/div>\n\t\t\t\t\t<\/div>\n\t\t<\/section>\n\t\t\t\t\t<\/div>\n\t\t<\/div>\n\t\t\t\t\t<\/div>\n\t\t<\/section>\n\t\t\t\t<section data-dce-background-image-url=\"https:\/\/mitcha-mitcha.ch\/wp-content\/uploads\/2024\/09\/1280x720_CorpoTrame01_MitchaMitcha.png\" class=\"elementor-section elementor-top-section elementor-element elementor-element-b455521 elementor-section-boxed elementor-section-height-default elementor-section-height-default\" data-id=\"b455521\" data-element_type=\"section\" data-e-type=\"section\" data-settings=\"{&quot;background_background&quot;:&quot;classic&quot;}\">\n\t\t\t\t\t\t<div class=\"elementor-container elementor-column-gap-default\">\n\t\t\t\t\t<div class=\"elementor-column elementor-col-50 elementor-top-column elementor-element elementor-element-1bf1c36\" data-id=\"1bf1c36\" data-element_type=\"column\" data-e-type=\"column\">\n\t\t\t<div class=\"elementor-widget-wrap\">\n\t\t\t\t\t\t\t<\/div>\n\t\t<\/div>\n\t\t\t\t<div class=\"elementor-column elementor-col-50 elementor-top-column elementor-element elementor-element-bfd21f2\" data-id=\"bfd21f2\" data-element_type=\"column\" data-e-type=\"column\">\n\t\t\t<div class=\"elementor-widget-wrap elementor-element-populated\">\n\t\t\t\t\t\t<div class=\"elementor-element elementor-element-ac94038 elementor-widget elementor-widget-spacer\" data-id=\"ac94038\" data-element_type=\"widget\" data-e-type=\"widget\" data-widget_type=\"spacer.default\">\n\t\t\t\t<div class=\"elementor-widget-container\">\n\t\t\t\t\t\t\t<div class=\"elementor-spacer\">\n\t\t\t<div class=\"elementor-spacer-inner\"><\/div>\n\t\t<\/div>\n\t\t\t\t\t\t<\/div>\n\t\t\t\t<\/div>\n\t\t\t\t<div class=\"elementor-element elementor-element-748aba3 elementor-widget elementor-widget-spacer\" data-id=\"748aba3\" data-element_type=\"widget\" data-e-type=\"widget\" data-widget_type=\"spacer.default\">\n\t\t\t\t<div class=\"elementor-widget-container\">\n\t\t\t\t\t\t\t<div class=\"elementor-spacer\">\n\t\t\t<div class=\"elementor-spacer-inner\"><\/div>\n\t\t<\/div>\n\t\t\t\t\t\t<\/div>\n\t\t\t\t<\/div>\n\t\t\t\t\t<\/div>\n\t\t<\/div>\n\t\t\t\t\t<\/div>\n\t\t<\/section>\n\t\t\t\t<\/div>\n\t\t","protected":false},"excerpt":{"rendered":"<p>NACHHALTIGE WIRTSCHAFT F\u00dcR FACHLEUTE UND DIE BREITE \u00d6FFENTLICHKEIT Vom 2. bis 4. Oktober 2025 Palais de Beaulieu, Lausanne Jours Heures Minutes Secondes Messe f\u00fcr Nachhaltigkeit&#8222;Mitcha-Mitcha&#8220; Besuchen Sie uns vom 2. bis 4. Oktober 2025 im Palais de Beaulieu, Lausanne, um nachhaltige und innovative L\u00f6sungen zu entdecken. Nehmen Sie an einer einzigartigen Veranstaltung teil, die Fachleuten [&hellip;]<\/p>\n","protected":false},"author":1,"featured_media":0,"parent":0,"menu_order":0,"comment_status":"closed","ping_status":"closed","template":"","meta":{"_acf_changed":false,"footnotes":""},"class_list":["post-528","page","type-page","status-publish","hentry"],"acf":[],"_links":{"self":[{"href":"https:\/\/mitcha-mitcha.ch\/de\/wp-json\/wp\/v2\/pages\/528","targetHints":{"allow":["GET"]}}],"collection":[{"href":"https:\/\/mitcha-mitcha.ch\/de\/wp-json\/wp\/v2\/pages"}],"about":[{"href":"https:\/\/mitcha-mitcha.ch\/de\/wp-json\/wp\/v2\/types\/page"}],"author":[{"embeddable":true,"href":"https:\/\/mitcha-mitcha.ch\/de\/wp-json\/wp\/v2\/users\/1"}],"replies":[{"embeddable":true,"href":"https:\/\/mitcha-mitcha.ch\/de\/wp-json\/wp\/v2\/comments?post=528"}],"version-history":[{"count":3,"href":"https:\/\/mitcha-mitcha.ch\/de\/wp-json\/wp\/v2\/pages\/528\/revisions"}],"predecessor-version":[{"id":2067,"href":"https:\/\/mitcha-mitcha.ch\/de\/wp-json\/wp\/v2\/pages\/528\/revisions\/2067"}],"wp:attachment":[{"href":"https:\/\/mitcha-mitcha.ch\/de\/wp-json\/wp\/v2\/media?parent=528"}],"curies":[{"name":"wp","href":"https:\/\/api.w.org\/{rel}","templated":true}]}}