{"id":557,"date":"2024-09-11T11:00:26","date_gmt":"2024-09-11T09:00:26","guid":{"rendered":"https:\/\/mitcha.siteweb.ch\/zeitschrift\/"},"modified":"2025-03-07T13:46:41","modified_gmt":"2025-03-07T12:46:41","slug":"zeitschrift","status":"publish","type":"page","link":"https:\/\/mitcha-mitcha.ch\/de\/zeitschrift\/","title":{"rendered":"Nachrichten"},"content":{"rendered":"\t\t<div data-elementor-type=\"wp-page\" data-elementor-id=\"557\" class=\"elementor elementor-557 elementor-31\" data-elementor-post-type=\"page\">\n\t\t\t\t\t\t<section data-dce-background-color=\"#FFFFFF\" class=\"elementor-section elementor-top-section elementor-element elementor-element-5a8beba elementor-section-boxed elementor-section-height-default elementor-section-height-default\" data-id=\"5a8beba\" data-element_type=\"section\" data-e-type=\"section\" data-settings=\"{&quot;background_background&quot;:&quot;classic&quot;}\">\n\t\t\t\t\t\t<div class=\"elementor-container elementor-column-gap-default\">\n\t\t\t\t\t<div class=\"elementor-column elementor-col-100 elementor-top-column elementor-element elementor-element-70b9bec\" data-id=\"70b9bec\" data-element_type=\"column\" data-e-type=\"column\">\n\t\t\t<div class=\"elementor-widget-wrap elementor-element-populated\">\n\t\t\t\t\t\t<section class=\"elementor-section elementor-inner-section elementor-element elementor-element-3ea9445 elementor-section-boxed elementor-section-height-default elementor-section-height-default\" data-id=\"3ea9445\" data-element_type=\"section\" data-e-type=\"section\">\n\t\t\t\t\t\t<div class=\"elementor-container elementor-column-gap-default\">\n\t\t\t\t\t<div class=\"elementor-column elementor-col-50 elementor-inner-column elementor-element elementor-element-aee00ea\" data-id=\"aee00ea\" data-element_type=\"column\" data-e-type=\"column\">\n\t\t\t<div class=\"elementor-widget-wrap elementor-element-populated\">\n\t\t\t\t\t\t<div class=\"elementor-element elementor-element-473849a elementor-widget elementor-widget-image\" data-id=\"473849a\" data-element_type=\"widget\" data-e-type=\"widget\" data-widget_type=\"image.default\">\n\t\t\t\t<div class=\"elementor-widget-container\">\n\t\t\t\t\t\t\t\t\t\t\t\t\t\t\t<img fetchpriority=\"high\" decoding=\"async\" width=\"800\" height=\"800\" src=\"https:\/\/mitcha-mitcha.ch\/wp-content\/uploads\/2025\/02\/1200x1200_IMG1_MitchaMitcha-1024x1024.png\" class=\"attachment-large size-large wp-image-1074\" alt=\"\" srcset=\"https:\/\/mitcha-mitcha.ch\/wp-content\/uploads\/2025\/02\/1200x1200_IMG1_MitchaMitcha-1024x1024.png 1024w, https:\/\/mitcha-mitcha.ch\/wp-content\/uploads\/2025\/02\/1200x1200_IMG1_MitchaMitcha-300x300.png 300w, https:\/\/mitcha-mitcha.ch\/wp-content\/uploads\/2025\/02\/1200x1200_IMG1_MitchaMitcha-150x150.png 150w, https:\/\/mitcha-mitcha.ch\/wp-content\/uploads\/2025\/02\/1200x1200_IMG1_MitchaMitcha-768x768.png 768w, https:\/\/mitcha-mitcha.ch\/wp-content\/uploads\/2025\/02\/1200x1200_IMG1_MitchaMitcha-1536x1536.png 1536w, https:\/\/mitcha-mitcha.ch\/wp-content\/uploads\/2025\/02\/1200x1200_IMG1_MitchaMitcha-2048x2048.png 2048w\" sizes=\"(max-width: 800px) 100vw, 800px\" \/>\t\t\t\t\t\t\t\t\t\t\t\t\t\t\t<\/div>\n\t\t\t\t<\/div>\n\t\t\t\t\t<\/div>\n\t\t<\/div>\n\t\t\t\t<div class=\"elementor-column elementor-col-50 elementor-inner-column elementor-element elementor-element-e1296c1\" data-id=\"e1296c1\" data-element_type=\"column\" data-e-type=\"column\">\n\t\t\t<div class=\"elementor-widget-wrap elementor-element-populated\">\n\t\t\t\t\t\t<div data-dce-title-color=\"#85C598\" class=\"elementor-element elementor-element-87c82c4 elementor-widget elementor-widget-heading\" data-id=\"87c82c4\" data-element_type=\"widget\" data-e-type=\"widget\" data-widget_type=\"heading.default\">\n\t\t\t\t<div class=\"elementor-widget-container\">\n\t\t\t\t\t<h3 class=\"elementor-heading-title elementor-size-default\">Nachrichten &amp; Kooperationen<\/h3>\t\t\t\t<\/div>\n\t\t\t\t<\/div>\n\t\t\t\t<div class=\"elementor-element elementor-element-d3f3f36 elementor-widget elementor-widget-text-editor\" data-id=\"d3f3f36\" data-element_type=\"widget\" data-e-type=\"widget\" data-widget_type=\"text-editor.default\">\n\t\t\t\t<div class=\"elementor-widget-container\">\n\t\t\t\t\t\t\t\t\t<p style=\"font-family: -apple-system, 'system-ui', 'Segoe UI', Roboto, 'Helvetica Neue', Arial, 'Noto Sans', sans-serif, 'Apple Color Emoji', 'Segoe UI Emoji', 'Segoe UI Symbol', 'Noto Color Emoji'; font-size: 16px;\"><span style=\"font-family: Montserrat, sans-serif;\"><span style=\"font-size: 15px;\">Entdecken Sie nachhaltige Innovationen, die in der Schweiz im Allgemeinen und im Kanton Waadt und seiner Umgebung im Besonderen entwickelt werden. Informieren Sie sich \u00fcber neue Kooperationen, die im Rahmen der Nachhaltigkeitsmesse Mitcha-Mitcha entstehen.<\/span><\/span><\/p>\r\n.\r\n<p style=\"font-family: -apple-system, 'system-ui', 'Segoe UI', Roboto, 'Helvetica Neue', Arial, 'Noto Sans', sans-serif, 'Apple Color Emoji', 'Segoe UI Emoji', 'Segoe UI Symbol', 'Noto Color Emoji'; font-size: 16px;\"><span style=\"font-family: Montserrat, sans-serif;\"><span style=\"font-size: 15px;\">Ver\u00f6ffentlichen Sie als KMU, Start-up oder Institution, die ihren Markt in der Schweiz ausbaut, Ihre Erfolge und Innovationen in unserem Nachhaltigkeitsmagazin.<\/span><\/span><\/p>\r\n.\r\n<p style=\"font-family: -apple-system, 'system-ui', 'Segoe UI', Roboto, 'Helvetica Neue', Arial, 'Noto Sans', sans-serif, 'Apple Color Emoji', 'Segoe UI Emoji', 'Segoe UI Symbol', 'Noto Color Emoji'; font-size: 16px;\"><span style=\"font-family: Montserrat, sans-serif;\"><span style=\"font-size: 15px;\">Als Aussteller haben Sie die M\u00f6glichkeit, Ihre Geschichten zu teilen und ein breites Publikum zu beeinflussen. Ein Teil des Magazins ist w\u00e4hrend der Veranstaltung f\u00fcr alle Besucher und Partner der Messe zug\u00e4nglich, was Ihren nachhaltigen Initiativen eine au\u00dfergew\u00f6hnliche Sichtbarkeit verleiht.<\/span><\/span><\/p>\t\t\t\t\t\t\t\t<\/div>\n\t\t\t\t<\/div>\n\t\t\t\t\t<\/div>\n\t\t<\/div>\n\t\t\t\t\t<\/div>\n\t\t<\/section>\n\t\t\t\t<section class=\"elementor-section elementor-inner-section elementor-element elementor-element-7e22a7f elementor-section-boxed elementor-section-height-default elementor-section-height-default\" data-id=\"7e22a7f\" data-element_type=\"section\" data-e-type=\"section\">\n\t\t\t\t\t\t<div class=\"elementor-container elementor-column-gap-default\">\n\t\t\t\t\t<div class=\"elementor-column elementor-col-100 elementor-inner-column elementor-element elementor-element-d6010e3\" data-id=\"d6010e3\" data-element_type=\"column\" data-e-type=\"column\">\n\t\t\t<div class=\"elementor-widget-wrap elementor-element-populated\">\n\t\t\t\t\t\t<div data-dce-text-color=\"#FFFFFF\" data-dce-advanced-background-color=\"#85C598\" class=\"elementor-element elementor-element-b2e8fe5 elementor-widget elementor-widget-text-editor\" data-id=\"b2e8fe5\" data-element_type=\"widget\" data-e-type=\"widget\" data-widget_type=\"text-editor.default\">\n\t\t\t\t<div class=\"elementor-widget-container\">\n\t\t\t\t\t\t\t\t\t<p style=\"font-family: -apple-system, 'system-ui', 'Segoe UI', Roboto, 'Helvetica Neue', Arial, 'Noto Sans', sans-serif, 'Apple Color Emoji', 'Segoe UI Emoji', 'Segoe UI Symbol', 'Noto Color Emoji'; font-size: 16px;\">F\u00fcr weitere Informationen steht Ihnen unser Team per E-Mail <strong>s.durabilite@mitcha-mitcha.ch<\/strong> oder telefonisch unter <strong>+41 79 383 90 37<\/strong> zur Verf\u00fcgung.<\/p>\n\t\t\t\t\t\t\t\t<\/div>\n\t\t\t\t<\/div>\n\t\t\t\t\t<\/div>\n\t\t<\/div>\n\t\t\t\t\t<\/div>\n\t\t<\/section>\n\t\t\t\t\t<\/div>\n\t\t<\/div>\n\t\t\t\t\t<\/div>\n\t\t<\/section>\n\t\t\t\t<section data-dce-background-image-url=\"https:\/\/mitcha-mitcha.ch\/wp-content\/uploads\/2024\/09\/1280x720_CorpoTrame01_MitchaMitcha.png\" class=\"elementor-section elementor-top-section elementor-element elementor-element-f42556a elementor-section-boxed elementor-section-height-default elementor-section-height-default\" data-id=\"f42556a\" data-element_type=\"section\" data-e-type=\"section\" data-settings=\"{&quot;background_background&quot;:&quot;classic&quot;}\">\n\t\t\t\t\t\t<div class=\"elementor-container elementor-column-gap-default\">\n\t\t\t\t\t<div class=\"elementor-column elementor-col-50 elementor-top-column elementor-element elementor-element-144e298\" data-id=\"144e298\" data-element_type=\"column\" data-e-type=\"column\">\n\t\t\t<div class=\"elementor-widget-wrap\">\n\t\t\t\t\t\t\t<\/div>\n\t\t<\/div>\n\t\t\t\t<div class=\"elementor-column elementor-col-50 elementor-top-column elementor-element elementor-element-64fe390\" data-id=\"64fe390\" data-element_type=\"column\" data-e-type=\"column\">\n\t\t\t<div class=\"elementor-widget-wrap elementor-element-populated\">\n\t\t\t\t\t\t<div class=\"elementor-element elementor-element-863dc7e elementor-widget elementor-widget-spacer\" data-id=\"863dc7e\" data-element_type=\"widget\" data-e-type=\"widget\" data-widget_type=\"spacer.default\">\n\t\t\t\t<div class=\"elementor-widget-container\">\n\t\t\t\t\t\t\t<div class=\"elementor-spacer\">\n\t\t\t<div class=\"elementor-spacer-inner\"><\/div>\n\t\t<\/div>\n\t\t\t\t\t\t<\/div>\n\t\t\t\t<\/div>\n\t\t\t\t<div class=\"elementor-element elementor-element-589d877 elementor-widget elementor-widget-spacer\" data-id=\"589d877\" data-element_type=\"widget\" data-e-type=\"widget\" data-widget_type=\"spacer.default\">\n\t\t\t\t<div class=\"elementor-widget-container\">\n\t\t\t\t\t\t\t<div class=\"elementor-spacer\">\n\t\t\t<div class=\"elementor-spacer-inner\"><\/div>\n\t\t<\/div>\n\t\t\t\t\t\t<\/div>\n\t\t\t\t<\/div>\n\t\t\t\t\t<\/div>\n\t\t<\/div>\n\t\t\t\t\t<\/div>\n\t\t<\/section>\n\t\t\t\t<\/div>\n\t\t","protected":false},"excerpt":{"rendered":"<p>Nachrichten &amp; Kooperationen Entdecken Sie nachhaltige Innovationen, die in der Schweiz im Allgemeinen und im Kanton Waadt und seiner Umgebung im Besonderen entwickelt werden. Informieren Sie sich \u00fcber neue Kooperationen, die im Rahmen der Nachhaltigkeitsmesse Mitcha-Mitcha entstehen. . Ver\u00f6ffentlichen Sie als KMU, Start-up oder Institution, die ihren Markt in der Schweiz ausbaut, Ihre Erfolge und [&hellip;]<\/p>\n","protected":false},"author":1,"featured_media":0,"parent":0,"menu_order":0,"comment_status":"closed","ping_status":"closed","template":"","meta":{"_acf_changed":false,"footnotes":""},"class_list":["post-557","page","type-page","status-publish","hentry"],"acf":[],"_links":{"self":[{"href":"https:\/\/mitcha-mitcha.ch\/de\/wp-json\/wp\/v2\/pages\/557","targetHints":{"allow":["GET"]}}],"collection":[{"href":"https:\/\/mitcha-mitcha.ch\/de\/wp-json\/wp\/v2\/pages"}],"about":[{"href":"https:\/\/mitcha-mitcha.ch\/de\/wp-json\/wp\/v2\/types\/page"}],"author":[{"embeddable":true,"href":"https:\/\/mitcha-mitcha.ch\/de\/wp-json\/wp\/v2\/users\/1"}],"replies":[{"embeddable":true,"href":"https:\/\/mitcha-mitcha.ch\/de\/wp-json\/wp\/v2\/comments?post=557"}],"version-history":[{"count":7,"href":"https:\/\/mitcha-mitcha.ch\/de\/wp-json\/wp\/v2\/pages\/557\/revisions"}],"predecessor-version":[{"id":1863,"href":"https:\/\/mitcha-mitcha.ch\/de\/wp-json\/wp\/v2\/pages\/557\/revisions\/1863"}],"wp:attachment":[{"href":"https:\/\/mitcha-mitcha.ch\/de\/wp-json\/wp\/v2\/media?parent=557"}],"curies":[{"name":"wp","href":"https:\/\/api.w.org\/{rel}","templated":true}]}}