{"id":576,"date":"2024-09-13T11:50:19","date_gmt":"2024-09-13T09:50:19","guid":{"rendered":"https:\/\/mitcha.siteweb.ch\/referenten\/"},"modified":"2025-03-07T14:27:13","modified_gmt":"2025-03-07T13:27:13","slug":"referenten","status":"publish","type":"page","link":"https:\/\/mitcha-mitcha.ch\/de\/referenten\/","title":{"rendered":"Referenten"},"content":{"rendered":"\t\t<div data-elementor-type=\"wp-page\" data-elementor-id=\"576\" class=\"elementor elementor-576 elementor-361\" data-elementor-post-type=\"page\">\n\t\t\t\t\t\t<section class=\"elementor-section elementor-top-section elementor-element elementor-element-069831d elementor-section-boxed elementor-section-height-default elementor-section-height-default\" data-id=\"069831d\" data-element_type=\"section\" data-e-type=\"section\" data-settings=\"{&quot;background_background&quot;:&quot;slideshow&quot;,&quot;background_slideshow_gallery&quot;:[{&quot;id&quot;:1189,&quot;url&quot;:&quot;https:\\\/\\\/mitcha-mitcha.ch\\\/wp-content\\\/uploads\\\/2025\\\/02\\\/2400x1000_SlideBeaulieu01_MitchaMitcha.png&quot;},{&quot;id&quot;:1192,&quot;url&quot;:&quot;https:\\\/\\\/mitcha-mitcha.ch\\\/wp-content\\\/uploads\\\/2025\\\/02\\\/2400x1000_SlideBeaulieu02_MitchaMitcha.png&quot;}],&quot;background_slideshow_ken_burns&quot;:&quot;yes&quot;,&quot;background_slideshow_loop&quot;:&quot;yes&quot;,&quot;background_slideshow_slide_duration&quot;:5000,&quot;background_slideshow_slide_transition&quot;:&quot;fade&quot;,&quot;background_slideshow_transition_duration&quot;:500,&quot;background_slideshow_ken_burns_zoom_direction&quot;:&quot;in&quot;}\">\n\t\t\t\t\t\t<div class=\"elementor-container elementor-column-gap-default\">\n\t\t\t\t\t<div class=\"elementor-column elementor-col-100 elementor-top-column elementor-element elementor-element-cca8cdd\" data-id=\"cca8cdd\" data-element_type=\"column\" data-e-type=\"column\">\n\t\t\t<div class=\"elementor-widget-wrap elementor-element-populated\">\n\t\t\t\t\t\t<div class=\"elementor-element elementor-element-314bcdf elementor-widget elementor-widget-spacer\" data-id=\"314bcdf\" data-element_type=\"widget\" data-e-type=\"widget\" data-widget_type=\"spacer.default\">\n\t\t\t\t<div class=\"elementor-widget-container\">\n\t\t\t\t\t\t\t<div class=\"elementor-spacer\">\n\t\t\t<div class=\"elementor-spacer-inner\"><\/div>\n\t\t<\/div>\n\t\t\t\t\t\t<\/div>\n\t\t\t\t<\/div>\n\t\t\t\t\t<\/div>\n\t\t<\/div>\n\t\t\t\t\t<\/div>\n\t\t<\/section>\n\t\t\t\t<section class=\"elementor-section elementor-top-section elementor-element elementor-element-c169098 elementor-section-boxed elementor-section-height-default elementor-section-height-default\" data-id=\"c169098\" data-element_type=\"section\" data-e-type=\"section\">\n\t\t\t\t\t\t<div class=\"elementor-container elementor-column-gap-default\">\n\t\t\t\t\t<div class=\"elementor-column elementor-col-50 elementor-top-column elementor-element elementor-element-70b2a72\" data-id=\"70b2a72\" data-element_type=\"column\" data-e-type=\"column\">\n\t\t\t<div class=\"elementor-widget-wrap elementor-element-populated\">\n\t\t\t\t\t\t<div class=\"elementor-element elementor-element-1744dee elementor-widget elementor-widget-heading\" data-id=\"1744dee\" data-element_type=\"widget\" data-e-type=\"widget\" data-widget_type=\"heading.default\">\n\t\t\t\t<div class=\"elementor-widget-container\">\n\t\t\t\t\t<h2 class=\"elementor-heading-title elementor-size-default\">Organisieren Sie eine Konferenz<\/h2>\t\t\t\t<\/div>\n\t\t\t\t<\/div>\n\t\t\t\t<div class=\"elementor-element elementor-element-7228a04 elementor-widget elementor-widget-text-editor\" data-id=\"7228a04\" data-element_type=\"widget\" data-e-type=\"widget\" data-widget_type=\"text-editor.default\">\n\t\t\t\t<div class=\"elementor-widget-container\">\n\t\t\t\t\t\t\t\t\t<p class=\"text-body-1\">Pr\u00e4sentieren Sie, informieren Sie, er\u00f6ffnen Sie Diskussionen und Austausch, um Ihren Ansatz f\u00fcr eine respektvollere Zukunft zu verbessern.<\/p>\n\t\t\t\t\t\t\t\t<\/div>\n\t\t\t\t<\/div>\n\t\t\t\t\t<\/div>\n\t\t<\/div>\n\t\t\t\t<div class=\"elementor-column elementor-col-50 elementor-top-column elementor-element elementor-element-604bf16\" data-id=\"604bf16\" data-element_type=\"column\" data-e-type=\"column\" data-settings=\"{&quot;background_background&quot;:&quot;classic&quot;}\">\n\t\t\t<div class=\"elementor-widget-wrap elementor-element-populated\">\n\t\t\t\t\t\t<div data-dce-title-color=\"#FFFFFF\" class=\"elementor-element elementor-element-0b05e41 elementor-widget elementor-widget-heading\" data-id=\"0b05e41\" data-element_type=\"widget\" data-e-type=\"widget\" data-widget_type=\"heading.default\">\n\t\t\t\t<div class=\"elementor-widget-container\">\n\t\t\t\t\t<h4 class=\"elementor-heading-title elementor-size-default\">Zeitfenster f\u00fcr eine Konferenz<\/h4>\t\t\t\t<\/div>\n\t\t\t\t<\/div>\n\t\t\t\t<div class=\"elementor-element elementor-element-7455eef elementor-widget__width-auto elementor-widget elementor-widget-heading\" data-id=\"7455eef\" data-element_type=\"widget\" data-e-type=\"widget\" data-widget_type=\"heading.default\">\n\t\t\t\t<div class=\"elementor-widget-container\">\n\t\t\t\t\t<span class=\"elementor-heading-title elementor-size-default\">Ab<\/span>\t\t\t\t<\/div>\n\t\t\t\t<\/div>\n\t\t\t\t<div class=\"elementor-element elementor-element-1923c2c elementor-widget__width-auto elementor-widget elementor-widget-heading\" data-id=\"1923c2c\" data-element_type=\"widget\" data-e-type=\"widget\" data-widget_type=\"heading.default\">\n\t\t\t\t<div class=\"elementor-widget-container\">\n\t\t\t\t\t<span class=\"elementor-heading-title elementor-size-default\">&nbsp;1'000.- <\/span>\t\t\t\t<\/div>\n\t\t\t\t<\/div>\n\t\t\t\t<div class=\"elementor-element elementor-element-7965a6a elementor-widget__width-auto elementor-widget elementor-widget-heading\" data-id=\"7965a6a\" data-element_type=\"widget\" data-e-type=\"widget\" data-widget_type=\"heading.default\">\n\t\t\t\t<div class=\"elementor-widget-container\">\n\t\t\t\t\t<span class=\"elementor-heading-title elementor-size-default\">&nbsp;\/ 1h<\/span>\t\t\t\t<\/div>\n\t\t\t\t<\/div>\n\t\t\t\t\t<\/div>\n\t\t<\/div>\n\t\t\t\t\t<\/div>\n\t\t<\/section>\n\t\t\t\t<section class=\"elementor-section elementor-top-section elementor-element elementor-element-a3b88f2 elementor-section-boxed elementor-section-height-default elementor-section-height-default\" data-id=\"a3b88f2\" data-element_type=\"section\" data-e-type=\"section\" data-settings=\"{&quot;background_background&quot;:&quot;classic&quot;}\">\n\t\t\t\t\t\t<div class=\"elementor-container elementor-column-gap-default\">\n\t\t\t\t\t<div class=\"elementor-column elementor-col-100 elementor-top-column elementor-element elementor-element-7eecd75\" data-id=\"7eecd75\" data-element_type=\"column\" data-e-type=\"column\">\n\t\t\t<div class=\"elementor-widget-wrap elementor-element-populated\">\n\t\t\t\t\t\t<div class=\"elementor-element elementor-element-0542216 elementor-widget elementor-widget-heading\" data-id=\"0542216\" data-element_type=\"widget\" data-e-type=\"widget\" data-widget_type=\"heading.default\">\n\t\t\t\t<div class=\"elementor-widget-container\">\n\t\t\t\t\t<h2 class=\"elementor-heading-title elementor-size-default\">F\u00fcllen Sie dieses Formular aus<\/h2>\t\t\t\t<\/div>\n\t\t\t\t<\/div>\n\t\t\t\t<div class=\"elementor-element elementor-element-6cdf9e5 elementor-widget elementor-widget-shortcode\" data-id=\"6cdf9e5\" data-element_type=\"widget\" data-e-type=\"widget\" data-widget_type=\"shortcode.default\">\n\t\t\t\t<div class=\"elementor-widget-container\">\n\t\t\t\t\t\t\t<div class=\"elementor-shortcode\">\t\t\t<form data-id=\"form_66e4080123f53\" class=\"frontend-form -submit\" action=\"\" method=\"post\" novalidate=\"novalidate\" data-error-message=\"\"> \r\n\t\t\t\t\t\t<div class=\"acf-form-data acf-hidden\">\r\n\t\t\t<input type=\"hidden\" name=\"_acf_screen\" value=\"fea_form\"\/><input type=\"hidden\" name=\"_acf_nonce\" value=\"146927feca\"\/><input type=\"hidden\" name=\"_acf_validation\" value=\"1\"\/><input type=\"hidden\" name=\"_acf_changed\" value=\"0\"\/><input type=\"hidden\" name=\"_acf_status\" value=\"\"\/><input type=\"hidden\" name=\"_acf_message\" value=\"\"\/><input type=\"hidden\" name=\"_acf_required_message\" value=\"\"\/><input type=\"hidden\" name=\"_acf_current_url\" value=\"https:\/\/mitcha-mitcha.ch\/de\/wp-json\/wp\/v2\/pages\/576\/\"\/><input type=\"hidden\" name=\"_acf_taxonomy_type\" value=\"category\"\/><input type=\"hidden\" name=\"_acf_form\" value=\"form_66e4080123f53\"\/><input type=\"hidden\" name=\"_acf_referer_url\" value=\"https:\/\/mitcha-mitcha.ch\/de\/wp-json\/wp\/v2\/pages\/576\/\"\/><input type=\"hidden\" name=\"_acf_objects\" value=\"YVJMWEszNHBCclViUy8vZXpIOXRFYm9ET1JXbjRqTjFhSGhnb3UrcVQvUWFUNEp6eWttb0lEcG5OVFBLRXoycmZVbE1QYjNWUnpKRUE2cjJTV0R6RER3dDh3Y1ZRN1FQbG52TXdtck1aVXM4NjRNNHNWMUc2eVBLNTdDa2Npc1o6OlQovrkJErCInd7\/6rNCuBA=\"\/>\t\t\t<\/div>\r\n\t\t\t\t\t\t<div class=\"acf-fields acf-form-fields -top\">\t\t\t\t  \r\n\t\t\t<div class=\"acf-field acf-field-text acf-field--validate-email acf-hidden\" style=\"display:none !important\" data-name=\"_validate_email\" data-type=\"text\" data-key=\"_validate_email\"><div  class=\"acf-label\"><\/div><div class=\"acf-input\"><div class=\"acf-input-wrap\"><input type=\"text\" id=\"acff-_validate_email\" name=\"acff[_validate_email]\"\/><\/div><\/div><\/div><div class=\"acf-field acf-field-text acf-field-67caf2867421c is-required\" data-name=\"fea_post_title\" data-type=\"text\" data-key=\"field_67caf2867421c\" data-required=\"1\"><div  class=\"acf-label\"><label for=\"acff-post-field_67caf2867421c\">Thema der Konferenz <span class=\"acf-required\">*<\/span><\/label><\/div><div class=\"acf-input\"><div class=\"acf-input-wrap\"><input type=\"text\" id=\"acff-post-field_67caf2867421c\" name=\"acff[post][field_67caf2867421c]\" required=\"required\"\/><\/div><\/div><\/div><div class=\"acf-field acf-field-text acf-field-67caf2ab7421d is-required\" data-name=\"prenom_nom_conferencier\" data-type=\"text\" data-key=\"field_67caf2ab7421d\" data-required=\"1\"><div  class=\"acf-label\"><label for=\"acff-post-field_67caf2ab7421d\">Vorname und Nachname des Redners <span class=\"acf-required\">*<\/span><\/label><\/div><div class=\"acf-input\"><div class=\"acf-input-wrap\"><input type=\"text\" id=\"acff-post-field_67caf2ab7421d\" name=\"acff[post][field_67caf2ab7421d]\" required=\"required\"\/><\/div><\/div><\/div><div class=\"acf-field acf-field-text acf-field-67caf2bd7421e is-required\" data-name=\"adresse\" data-type=\"text\" data-key=\"field_67caf2bd7421e\" data-required=\"1\"><div  class=\"acf-label\"><label for=\"acff-post-field_67caf2bd7421e\">Adresse <span class=\"acf-required\">*<\/span><\/label><\/div><div class=\"acf-input\"><div class=\"acf-input-wrap\"><input type=\"text\" id=\"acff-post-field_67caf2bd7421e\" name=\"acff[post][field_67caf2bd7421e]\" required=\"required\"\/><\/div><\/div><\/div><div class=\"acf-field acf-field-text acf-field-67caf2ea7421f is-required\" style=\"width:40%;\" data-name=\"npa\" data-type=\"text\" data-key=\"field_67caf2ea7421f\" data-required=\"1\" data-width=\"40\"><div  class=\"acf-label\"><label for=\"acff-post-field_67caf2ea7421f\">NPA <span class=\"acf-required\">*<\/span><\/label><\/div><div class=\"acf-input\"><div class=\"acf-input-wrap\"><input type=\"text\" id=\"acff-post-field_67caf2ea7421f\" name=\"acff[post][field_67caf2ea7421f]\" required=\"required\"\/><\/div><\/div><\/div><div class=\"acf-field acf-field-text acf-field-67caf2f774220 is-required\" data-name=\"localite\" data-type=\"text\" data-key=\"field_67caf2f774220\" data-required=\"1\"><div  class=\"acf-label\"><label for=\"acff-post-field_67caf2f774220\">Ort <span class=\"acf-required\">*<\/span><\/label><\/div><div class=\"acf-input\"><div class=\"acf-input-wrap\"><input type=\"text\" id=\"acff-post-field_67caf2f774220\" name=\"acff[post][field_67caf2f774220]\" required=\"required\"\/><\/div><\/div><\/div><div class=\"acf-field acf-field-text acf-field-67caf30c74221 is-required\" data-name=\"telephone\" data-type=\"text\" data-key=\"field_67caf30c74221\" data-required=\"1\"><div  class=\"acf-label\"><label for=\"acff-post-field_67caf30c74221\">Telefon <span class=\"acf-required\">*<\/span><\/label><\/div><div class=\"acf-input\"><div class=\"acf-input-wrap\"><input type=\"text\" id=\"acff-post-field_67caf30c74221\" name=\"acff[post][field_67caf30c74221]\" required=\"required\"\/><\/div><\/div><\/div><div class=\"acf-field acf-field-email acf-field-67caf31d74222 is-required\" data-name=\"email\" data-type=\"email\" data-key=\"field_67caf31d74222\" data-required=\"1\"><div  class=\"acf-label\"><label for=\"acff-post-field_67caf31d74222\">E-mail <span class=\"acf-required\">*<\/span><\/label><\/div><div class=\"acf-input\"><div class=\"acf-input-wrap\"><input type=\"email\" id=\"acff-post-field_67caf31d74222\" name=\"acff[post][field_67caf31d74222]\" required=\"required\"\/><\/div><\/div><\/div><div class=\"acf-field acf-field-textarea acf-field-67caf33b74223 is-required\" data-name=\"breve_description_conference\" data-type=\"textarea\" data-key=\"field_67caf33b74223\" data-required=\"1\"><div  class=\"acf-label\"><label for=\"acff-post-field_67caf33b74223\">Kurze Beschreibung der Konferenz <span class=\"acf-required\">*<\/span><\/label><\/div><div class=\"acf-input\"><textarea id=\"acff-post-field_67caf33b74223\" name=\"acff[post][field_67caf33b74223]\" rows=\"8\" required=\"required\"><\/textarea><\/div><\/div><div class=\"acf-field acf-field-number acf-field-67caf35774224 is-required\" style=\"width:51%;\" data-name=\"duree_conference\" data-type=\"number\" data-key=\"field_67caf35774224\" data-required=\"1\" data-width=\"51\"><div  class=\"acf-label\"><label for=\"acff-post-field_67caf35774224\">Dauer der Konferenz <span class=\"acf-required\">*<\/span><\/label><\/div><div class=\"acf-input\"><div class=\"acf-input-append\">minuten<\/div><div class=\"acf-input-wrap\"><input type=\"number\" id=\"acff-post-field_67caf35774224\" class=\"acf-is-appended\" name=\"acff[post][field_67caf35774224]\" min=\"60\" max=\"180\" step=\"any\" required=\"required\"\/><\/div><\/div><\/div><div class=\"acf-field acf-field-date acf-field-67caf38374225 is-required\" style=\"width:51%;\" data-name=\"date\" data-type=\"date\" data-key=\"field_67caf38374225\" data-required=\"1\" data-width=\"51\"><div  class=\"acf-label\"><label for=\"acff-post-field_67caf38374225\">Gew\u00fcnschtes Datum <span class=\"acf-required\">*<\/span><\/label><\/div><div class=\"acf-input\"><\/div><\/div><div class=\"acf-field acf-field-time acf-field-67caf3a674226 is-required\" style=\"width:51%;\" data-name=\"heure\" data-type=\"time\" data-key=\"field_67caf3a674226\" data-required=\"1\" data-width=\"51\"><div  class=\"acf-label\"><label for=\"acff-post-field_67caf3a674226\">Heure souhait\u00e9e <span class=\"acf-required\">*<\/span><\/label><\/div><div class=\"acf-input\"><\/div><\/div><div class=\"acf-field acf-field-checkbox acf-field-67cb06d368f6e is-required\" data-name=\"conditions_generales\" data-type=\"checkbox\" data-key=\"field_67cb06d368f6e\" data-required=\"1\"><div  class=\"acf-label\"><label id=\"acff-post-field_67cb06d368f6e-label\">Allgemeine Bedingungen <span class=\"acf-required\">*<\/span><\/label><\/div><div class=\"acf-input\"><input type=\"hidden\" name=\"acff[post][field_67cb06d368f6e]\"\/><ul class=\"acf-checkbox-list acf-bl\" role=\"group\" aria-labelledby=\"acff-post-field_67cb06d368f6e-label\">\n<li><label><input type=\"checkbox\" id=\"acff-post-field_67cb06d368f6e-Ich-habe-die-Allgemeinen-Gesch\u00e4ftsbedingungen-der-Mitcha-Mitcha-Nachhaltigkeitsmesse-gelesen-und-akzeptiere-sie.\" name=\"acff[post][field_67cb06d368f6e][]\" value=\"Ich habe die Allgemeinen Gesch\u00e4ftsbedingungen der Mitcha-Mitcha-Nachhaltigkeitsmesse gelesen und akzeptiere sie.\"\/> Ich habe die Allgemeinen Gesch\u00e4ftsbedingungen der Mitcha-Mitcha-Nachhaltigkeitsmesse gelesen und akzeptiere sie.<\/label><\/li>\n<\/ul>\n<\/div><\/div><div class=\"acf-field acf-field-recaptcha acf-field-67cb00c99f90b\" data-type=\"recaptcha\" data-key=\"field_67cb00c99f90b\"><div  class=\"acf-label\"><\/div><div class=\"acf-input\">\t\t\t\r\n\t\t\t\t\t\t\t\t<div class=\"acf-input-wrap frontend-admin-recaptcha\" data-site-key=\"6LeFWj4qAAAAAI1s2xbePQDaL7LAmzcYCwPksvBd\" data-version=\"v2\" data-size=\"normal\" data-theme=\"light\">\r\n\t\t\t\t\t<div><\/div>\r\n\t\t\t\t\t<input type=\"hidden\" id=\"acff-post-field_67cb00c99f90b\" name=\"acff[post][field_67cb00c99f90b]\"\/>                    \r\n\t\t\t\t<\/div>\r\n\t\t\t\t\r\n\t\t\t\t<script src=\"https:\/\/www.google.com\/recaptcha\/api.js?render=explicit&onload=field_67cb00c99f90bRecaptcha\" async defer><\/script>\r\n\t\t\t\t<script type=\"text\/javascript\">\r\n\t\t\t\tvar field_67cb00c99f90bRecaptcha = function() {\r\n\t\t\t\t   acf.getField('field_67cb00c99f90b').onLoad();\r\n\t\t\t\t};\r\n\t\t\t\t<\/script>\r\n\r\n\t\t\t\t<\/div><\/div><div class=\"acf-field acf-field-submit-button acf-field-67caf3c174227\" data-type=\"submit_button\" data-key=\"field_67caf3c174227\"><div class=\"acf-input\"><button type=\"button\" class=\"fea-submit-button button button-primary\" data-state=\"submit\" data-success=\"\" data-redirect=\"\">Eine Konferenz organisieren<\/button><\/div><\/div>\t\t\t<\/div>\r\n\t\t\t<\/form>\r\n\t\t\t<\/div>\n\t\t\t\t\t\t<\/div>\n\t\t\t\t<\/div>\n\t\t\t\t\t<\/div>\n\t\t<\/div>\n\t\t\t\t\t<\/div>\n\t\t<\/section>\n\t\t\t\t<section class=\"elementor-section elementor-top-section elementor-element elementor-element-767552b elementor-section-boxed elementor-section-height-default elementor-section-height-default\" data-id=\"767552b\" data-element_type=\"section\" data-e-type=\"section\">\n\t\t\t\t\t\t<div class=\"elementor-container elementor-column-gap-default\">\n\t\t\t\t\t<div class=\"elementor-column elementor-col-25 elementor-top-column elementor-element elementor-element-1ca476e\" data-id=\"1ca476e\" data-element_type=\"column\" data-e-type=\"column\">\n\t\t\t<div class=\"elementor-widget-wrap\">\n\t\t\t\t\t\t\t<\/div>\n\t\t<\/div>\n\t\t\t\t<div class=\"elementor-column elementor-col-50 elementor-top-column elementor-element elementor-element-906476f\" data-id=\"906476f\" data-element_type=\"column\" data-e-type=\"column\">\n\t\t\t<div class=\"elementor-widget-wrap elementor-element-populated\">\n\t\t\t\t\t\t<div class=\"elementor-element elementor-element-0d74966 elementor-widget elementor-widget-heading\" data-id=\"0d74966\" data-element_type=\"widget\" data-e-type=\"widget\" data-widget_type=\"heading.default\">\n\t\t\t\t<div class=\"elementor-widget-container\">\n\t\t\t\t\t<h2 class=\"elementor-heading-title elementor-size-default\">Liste der Referenten<\/h2>\t\t\t\t<\/div>\n\t\t\t\t<\/div>\n\t\t\t\t<section class=\"elementor-section elementor-inner-section elementor-element elementor-element-afc313f elementor-section-boxed elementor-section-height-default elementor-section-height-default\" data-id=\"afc313f\" data-element_type=\"section\" data-e-type=\"section\">\n\t\t\t\t\t\t<div class=\"elementor-container elementor-column-gap-default\">\n\t\t\t\t\t<div class=\"elementor-column elementor-col-50 elementor-inner-column elementor-element elementor-element-e856873\" data-id=\"e856873\" data-element_type=\"column\" data-e-type=\"column\">\n\t\t\t<div class=\"elementor-widget-wrap elementor-element-populated\">\n\t\t\t\t\t\t<div class=\"elementor-element elementor-element-04681f4 elementor-widget elementor-widget-heading\" data-id=\"04681f4\" data-element_type=\"widget\" data-e-type=\"widget\" data-widget_type=\"heading.default\">\n\t\t\t\t<div class=\"elementor-widget-container\">\n\t\t\t\t\t<span class=\"elementor-heading-title elementor-size-default\">Konferenz<\/span>\t\t\t\t<\/div>\n\t\t\t\t<\/div>\n\t\t\t\t\t<\/div>\n\t\t<\/div>\n\t\t\t\t<div class=\"elementor-column elementor-col-50 elementor-inner-column elementor-element elementor-element-d309a9a\" data-id=\"d309a9a\" data-element_type=\"column\" data-e-type=\"column\">\n\t\t\t<div class=\"elementor-widget-wrap elementor-element-populated\">\n\t\t\t\t\t\t<div class=\"elementor-element elementor-element-6b67a35 elementor-widget elementor-widget-heading\" data-id=\"6b67a35\" data-element_type=\"widget\" data-e-type=\"widget\" data-widget_type=\"heading.default\">\n\t\t\t\t<div class=\"elementor-widget-container\">\n\t\t\t\t\t<span class=\"elementor-heading-title elementor-size-default\">Date<\/span>\t\t\t\t<\/div>\n\t\t\t\t<\/div>\n\t\t\t\t\t<\/div>\n\t\t<\/div>\n\t\t\t\t\t<\/div>\n\t\t<\/section>\n\t\t\t\t<div class=\"elementor-element elementor-element-f1be589 elementor-grid-1 elementor-grid-tablet-1 elementor-grid-mobile-1 elementor-widget elementor-widget-loop-grid\" data-id=\"f1be589\" data-element_type=\"widget\" data-e-type=\"widget\" data-settings=\"{&quot;template_id&quot;:130,&quot;columns&quot;:1,&quot;columns_tablet&quot;:1,&quot;_skin&quot;:&quot;post&quot;,&quot;columns_mobile&quot;:&quot;1&quot;,&quot;edit_handle_selector&quot;:&quot;[data-elementor-type=\\&quot;loop-item\\&quot;]&quot;,&quot;row_gap&quot;:{&quot;unit&quot;:&quot;px&quot;,&quot;size&quot;:&quot;&quot;,&quot;sizes&quot;:[]},&quot;row_gap_tablet&quot;:{&quot;unit&quot;:&quot;px&quot;,&quot;size&quot;:&quot;&quot;,&quot;sizes&quot;:[]},&quot;row_gap_mobile&quot;:{&quot;unit&quot;:&quot;px&quot;,&quot;size&quot;:&quot;&quot;,&quot;sizes&quot;:[]}}\" data-widget_type=\"loop-grid.post\">\n\t\t\t\t<div class=\"elementor-widget-container\">\n\t\t\t\t\t\t\t<div class=\"e-loop-nothing-found-message\">\n\t\t<\/div>\n\t\t\t\t\t\t<\/div>\n\t\t\t\t<\/div>\n\t\t\t\t\t<\/div>\n\t\t<\/div>\n\t\t\t\t<div class=\"elementor-column elementor-col-25 elementor-top-column elementor-element elementor-element-894e655\" data-id=\"894e655\" data-element_type=\"column\" data-e-type=\"column\">\n\t\t\t<div class=\"elementor-widget-wrap\">\n\t\t\t\t\t\t\t<\/div>\n\t\t<\/div>\n\t\t\t\t\t<\/div>\n\t\t<\/section>\n\t\t\t\t<\/div>\n\t\t","protected":false},"excerpt":{"rendered":"<p>Organisieren Sie eine Konferenz Pr\u00e4sentieren Sie, informieren Sie, er\u00f6ffnen Sie Diskussionen und Austausch, um Ihren Ansatz f\u00fcr eine respektvollere Zukunft zu verbessern. Zeitfenster f\u00fcr eine Konferenz Ab &nbsp;1&#8217;000.- &nbsp;\/ 1h F\u00fcllen Sie dieses Formular aus Liste der Referenten Konferenz Date<\/p>\n","protected":false},"author":1,"featured_media":0,"parent":0,"menu_order":0,"comment_status":"closed","ping_status":"closed","template":"","meta":{"_acf_changed":false,"footnotes":""},"class_list":["post-576","page","type-page","status-publish","hentry"],"acf":[],"_links":{"self":[{"href":"https:\/\/mitcha-mitcha.ch\/de\/wp-json\/wp\/v2\/pages\/576","targetHints":{"allow":["GET"]}}],"collection":[{"href":"https:\/\/mitcha-mitcha.ch\/de\/wp-json\/wp\/v2\/pages"}],"about":[{"href":"https:\/\/mitcha-mitcha.ch\/de\/wp-json\/wp\/v2\/types\/page"}],"author":[{"embeddable":true,"href":"https:\/\/mitcha-mitcha.ch\/de\/wp-json\/wp\/v2\/users\/1"}],"replies":[{"embeddable":true,"href":"https:\/\/mitcha-mitcha.ch\/de\/wp-json\/wp\/v2\/comments?post=576"}],"version-history":[{"count":2,"href":"https:\/\/mitcha-mitcha.ch\/de\/wp-json\/wp\/v2\/pages\/576\/revisions"}],"predecessor-version":[{"id":1917,"href":"https:\/\/mitcha-mitcha.ch\/de\/wp-json\/wp\/v2\/pages\/576\/revisions\/1917"}],"wp:attachment":[{"href":"https:\/\/mitcha-mitcha.ch\/de\/wp-json\/wp\/v2\/media?parent=576"}],"curies":[{"name":"wp","href":"https:\/\/api.w.org\/{rel}","templated":true}]}}